{"id":11,"date":"2018-09-03T21:42:08","date_gmt":"2018-09-03T19:42:08","guid":{"rendered":"http:\/\/agnesstevenin.com\/?page_id=11"},"modified":"2018-09-03T21:44:04","modified_gmt":"2018-09-03T19:44:04","slug":"quelques-notions","status":"publish","type":"page","link":"https:\/\/agnesstevenin.com\/index.php\/quelques-notions\/","title":{"rendered":"Quelques notions"},"content":{"rendered":"<h4 align=\"justify\"><strong>Quelques notions simples<\/strong><\/h4>\n<div id=\"col1\" class=\"grid_8 \">\n<p align=\"justify\"><strong class=\"typovioline\">Nous baignons dans une mer d\u2019\u00e9nergie dans laquelle tout est interconnect\u00e9.<br \/>\n<\/strong><span class=\"typovioline\">L<strong>a mati\u00e8re, et donc notre corps, sont de l\u2019\u00e9nergie densifi\u00e9e.<\/strong><\/span>\u00a0<strong class=\"typovioline\">Cette \u00e9nergie n\u2019est pas autre chose que de la lumi\u00e8re.<\/strong><\/p>\n<p>Nous sommes construits comme des poup\u00e9es russes. Autour de notre corps physique, nous poss\u00e9dons des corps\u00a0<strong>\u00e9nerg\u00e9tiques, lumineux et impalpables<\/strong><strong>,<\/strong>\u00a0invisibles \u00e0 l\u2019\u0153il nu, qui lui sont reli\u00e9s.<\/p>\n<p align=\"justify\">\n<strong>Le corps physique<\/strong>\u00a0correspond \u00e0 la plus petite poup\u00e9e, celle de l\u2019int\u00e9rieur. Pour que nous soyons en bonne sant\u00e9 et d\u2019humeur stable, l\u2019ensemble de ces corps doit \u00eatre en bon alignement.\u00a0<em>(Comme les corps des poup\u00e9es lorsqu\u2019elles sont bien rang\u00e9es).<\/em>\u00a0Ils doivent \u00e9galement \u00eatre bien d\u00e9ploy\u00e9s autour de notre corps.<\/p>\n<p align=\"justify\">Nous poss\u00e9dons \u00e9galement\u00a0<strong>des centres \u00e9nerg\u00e9tiques\u00a0<\/strong>qui\u00a0 relient entre eux nos corps \u00e9nerg\u00e9tiques et notre corps physique. Dispos\u00e9s le long de notre colonne vert\u00e9brale, ce sont des sortes de<em>\u00a0\u00ab\u00a0 turbines\u00a0\u00bb<\/em>\u00a0qui captent l\u2019\u00e9nergie universelle et la retransmettent dans notre corps par l\u2019interm\u00e9diaire du r\u00e9seau de canaux. Ils sont en lien avec les\u00a0<strong>glandes endocrines<\/strong>, et, par leur interm\u00e9diaire, ils vitalisent les organes qui leur correspondent.<\/p>\n<p align=\"justify\">Chaque corps et chaque centre \u00e9nerg\u00e9tique peut \u00eatre le si\u00e8ge de d\u00e9s\u00e9quilibre ou de blocages : s\u2019il y a tension ou vide dans ces zones,<em>\u00a0les organes moins bien irrigu\u00e9s souffrent,\u00a0<\/em>l\u2019humeur se d\u00e9grade, les \u00e9motions nous submergent, fatigue et maladies surviennent.<\/p>\n<p align=\"justify\">Le corps humain est un ensemble qui fonctionne dans un principe de globalit\u00e9 sur les plans physique et psychique.<strong>\u00a0En intervenant sur les diff\u00e9rents corps et centres, on agit sur l\u2019ensemble de l\u2019\u00eatre.<\/strong><\/p>\n<\/div>\n<div id=\"col2\" class=\"grid_8\">\n<div align=\"left\">Nous devons abandonner le concept cart\u00e9sien de s\u00e9paration du corps et de l\u2019esprit, et comprendre qu\u2019il s\u2019agit d\u2019une unit\u00e9\u00a0<strong>corps\/esprit<\/strong>.<\/p>\n<p>Les s\u00e9ances de soins \u00e9nerg\u00e9tiques vont remettre de l\u2019harmonie dans cet ensemble, et maintenir \u2013 ou restaurer \u2013\u00a0<strong>la sant\u00e9, physique et mentale.<br \/>\n<\/strong><br \/>\n\u00ab La mati\u00e8re ne nait pas du vide : il y a quelque chose qui remplit l\u2019espace \u00bb.<br \/>\nMax Planck, p\u00e8re de la physique quantique, a d\u00e9crit en 1944 l\u2019existence d\u2019un champ d\u2019\u00e9nergie universel, sorte d\u2019oc\u00e9an en perp\u00e9tuelle vibration, dont est issue toute la cr\u00e9ation \u2013 galaxies, plan\u00e8tes, et tous les \u00eatres vivants.<br \/>\nToutes les cultures de notre plan\u00e8te ont reconnu l\u2019existence d\u2019une \u00e9nergie vitale circulant dans le corps humain. En Inde, elle est appel\u00e9e &#8220;pr\u00e2na&#8221; ce qui signifie, litt\u00e9ralement, \u00ab le souffle de vie \u00bb; les chinois la nomment &#8220;qi&#8221; et les japonais &#8220;ki&#8221;. Les occidentaux l\u2019associent parfois \u00e0 l\u2019\u00e9lectricit\u00e9 du corps.<\/p>\n<p><strong>Cette \u00e9nergie vitale, c\u2019est l\u2019\u00e9nergie universelle, circulant dans notre corps.\u00a0<\/strong><\/p>\n<p>La connaissance de l\u2019existence d\u2019un syst\u00e8me \u00e9nerg\u00e9tique corporel est \u00e9galement commune \u00e0 de nombreuses cultures.<br \/>\nDans la m\u00e9decine traditionnelle chinoise, il est fait mention de canaux transportant une \u00e9nergie invisible dans le corps : ce sont les\u00a0<strong>m\u00e9ridiens<\/strong>. Bien avant elle, la m\u00e9decine traditionnelle indienne, l\u2019Ayurveda, a d\u00e9couvert l\u2019existence de toute une anatomie invisible comportant d\u2019autres corps que le corps physique, un r\u00e9seau de canaux et des centres \u00e9nerg\u00e9tiques.<\/p>\n<p><strong>L\u2019installation d\u2019un \u00e9tat d\u2019harmonie, bien souvent modifi\u00e9 au fil des ann\u00e9es et des difficult\u00e9s travers\u00e9es, constitue l\u2019essentiel de mes soins.<\/strong><\/div>\n<\/div>\n","protected":false},"excerpt":{"rendered":"<p>Quelques notions simples Nous baignons dans une mer d\u2019\u00e9nergie dans laquelle tout est interconnect\u00e9. La mati\u00e8re, et donc notre corps, sont de l\u2019\u00e9nergie densifi\u00e9e.\u00a0Cette \u00e9nergie n\u2019est pas autre chose que de la lumi\u00e8re. Nous sommes construits comme des poup\u00e9es russes. &hellip; <a href=\"https:\/\/agnesstevenin.com\/index.php\/quelques-notions\/\">Lire la suite\u00ad\u00ad<\/a><\/p>\n","protected":false},"author":1,"featured_media":0,"parent":0,"menu_order":0,"comment_status":"closed","ping_status":"closed","template":"","meta":[],"_links":{"self":[{"href":"https:\/\/agnesstevenin.com\/index.php\/wp-json\/wp\/v2\/pages\/11"}],"collection":[{"href":"https:\/\/agnesstevenin.com\/index.php\/wp-json\/wp\/v2\/pages"}],"about":[{"href":"https:\/\/agnesstevenin.com\/index.php\/wp-json\/wp\/v2\/types\/page"}],"author":[{"embeddable":true,"href":"https:\/\/agnesstevenin.com\/index.php\/wp-json\/wp\/v2\/users\/1"}],"replies":[{"embeddable":true,"href":"https:\/\/agnesstevenin.com\/index.php\/wp-json\/wp\/v2\/comments?post=11"}],"version-history":[{"count":2,"href":"https:\/\/agnesstevenin.com\/index.php\/wp-json\/wp\/v2\/pages\/11\/revisions"}],"predecessor-version":[{"id":15,"href":"https:\/\/agnesstevenin.com\/index.php\/wp-json\/wp\/v2\/pages\/11\/revisions\/15"}],"wp:attachment":[{"href":"https:\/\/agnesstevenin.com\/index.php\/wp-json\/wp\/v2\/media?parent=11"}],"curies":[{"name":"wp","href":"https:\/\/api.w.org\/{rel}","templated":true}]}}