{"id":144,"date":"2018-09-04T11:42:33","date_gmt":"2018-09-04T09:42:33","guid":{"rendered":"http:\/\/agnesstevenin.com\/?page_id=144"},"modified":"2018-09-07T12:01:56","modified_gmt":"2018-09-07T10:01:56","slug":"citations-presse-splendeur-des-ames-blessees","status":"publish","type":"page","link":"https:\/\/agnesstevenin.com\/index.php\/citations-presse-splendeur-des-ames-blessees\/","title":{"rendered":"Citations presse &#8211; Splendeur des \u00e2mes bless\u00e9es"},"content":{"rendered":"<p><strong>ELLE\u00a0:<\/strong> \u00ab\u00a0<em>\u202f<\/em>Elle t\u00e9moigne de son parcours et de son incroyable exp\u00e9rience m\u00e9taphysique dans un livre singulier, attachant et troublant : \u00ab Splendeur des \u00e2mes bless\u00e9es \u00bb. Un livre captivant. On est sous le charme.\u202f\u00bb<\/p>\n<p>&nbsp;<\/p>\n<p>&nbsp;<\/p>\n<p><strong>St\u00e9phane Allix\u00a0<\/strong>: \u00ab\u00a0Ce livre agit au-del\u00e0 des mots. Une rencontre peut se profiler pour vous au cours de cette lecture. Une rencontre avec vous-m\u00eame.\u00a0\u00bb<\/p>\n<p>&nbsp;<\/p>\n<p>&nbsp;<\/p>\n<p><strong>La t\u00e9l\u00e9 de Lilou Mac\u00e9\u00a0<\/strong>: \u00ab\u00a0Tr\u00e8s beau livre, beau r\u00e9cit, poignant, \u00e7a ouvre les portes de la conscience.\u00a0\u00bb<\/p>\n<p>&nbsp;<\/p>\n<p>&nbsp;<\/p>\n<p><strong>Laurent Huguelit\u00a0<\/strong>: \u00ab\u00a0En un mot\u00a0: sublime\u00a0!\u00a0\u00bb<\/p>\n<p>&nbsp;<\/p>\n<p><strong>Blog Parents\u00a0<\/strong>: \u00ab\u00a0Ce livre (\u2026) je l\u2019ai ador\u00e9. (\u2026)\u00a0 Ses \u00e9crits, son t\u00e9moignage sont d\u2019une grande maturit\u00e9 et d\u2019un grand \u00e9veil spirituel. Un magnifique livre qui vous marque \u00e0 vie.<\/p>\n<p>&nbsp;<\/p>\n<p>&nbsp;<\/p>\n<p><strong>Le Figaroscope\u00a0<\/strong>: \u00ab\u00a0On retrouve dans ce texte la sinc\u00e9rit\u00e9 et la douceur de ton qui nous avaient s\u00e9duits dans <em>De la douleur \u00e0 la douceur.\u00a0<\/em>\u00bb<\/p>\n<p><strong>\u00a0<\/strong><\/p>\n<p><strong>Dr. Christophe Faur\u00e9\u00a0<\/strong>: \u00ab\u00a0Un livre qui va faire tant de bien\u2026 Un magnifique, magnifique<\/p>\n<p>baume pour l\u2019\u00e2me.\u00a0\u00bb<\/p>\n<p>&nbsp;<\/p>\n<p>&nbsp;<\/p>\n<p><strong>Inexplor\u00e9\u00a0<\/strong>: \u00ab\u00a0Un r\u00e9cit qui nous apprend comment on peut, \u00e0 deux, ramener en soi le chemin de gu\u00e9rison.\u00a0\u00bb<\/p>\n<p>&nbsp;<\/p>\n<p>&nbsp;<\/p>\n<p><strong>Zen in the jungle\u00a0<\/strong>:\u00a0\u00ab\u00a0Avec <em>Splendeur des \u00e2mes bless\u00e9es<\/em>, Agn\u00e8s Stevenin franchit une nouvelle \u00e9tape.\u00a0\u00bb<\/p>\n<p>&nbsp;<\/p>\n<p>&nbsp;<\/p>\n<p><strong>Marie-France\u00a0<\/strong>: \u00ab\u00a0Gr\u00e2ce \u00e0 des guides de l\u2019invisible, elle soigne des gens en \u00e9tat de mal-\u00eatre.\u00a0\u00bb<\/p>\n<p>&nbsp;<\/p>\n<p>&nbsp;<\/p>\n<p><strong>Femme Actuelle \u2013 Les influenceuses\u00a0<\/strong>:\u00a0\u00ab\u00a0Une th\u00e9rapeute gu\u00e9risseuse, femme inspirante et passionnante.\u00a0\u00bb<\/p>\n<p>&nbsp;<\/p>\n<p>&nbsp;<\/p>\n<p><strong>Soleil Levant\u00a0<\/strong>: \u00ab\u00a0Ce livre, vibrant t\u00e9moignage d\u2019une femme et d\u2019une soigneuse d\u2019exception, est \u00e0 la fois la confession d\u2019un parcours personnel o\u00f9 sont narr\u00e9es des v\u00e9rit\u00e9s nues, et aussi le r\u00e9cit des patients, si troubl\u00e9s et si troublants.\u00a0\u00bb<\/p>\n","protected":false},"excerpt":{"rendered":"<p>ELLE\u00a0: \u00ab\u00a0\u202fElle t\u00e9moigne de son parcours et de son incroyable exp\u00e9rience m\u00e9taphysique dans un livre singulier, attachant et troublant : \u00ab Splendeur des \u00e2mes bless\u00e9es \u00bb. Un livre captivant. On est sous le charme.\u202f\u00bb &nbsp; &nbsp; St\u00e9phane Allix\u00a0: \u00ab\u00a0Ce livre &hellip; <a href=\"https:\/\/agnesstevenin.com\/index.php\/citations-presse-splendeur-des-ames-blessees\/\">Lire la suite\u00ad\u00ad<\/a><\/p>\n","protected":false},"author":1,"featured_media":0,"parent":0,"menu_order":0,"comment_status":"closed","ping_status":"closed","template":"","meta":[],"_links":{"self":[{"href":"https:\/\/agnesstevenin.com\/index.php\/wp-json\/wp\/v2\/pages\/144"}],"collection":[{"href":"https:\/\/agnesstevenin.com\/index.php\/wp-json\/wp\/v2\/pages"}],"about":[{"href":"https:\/\/agnesstevenin.com\/index.php\/wp-json\/wp\/v2\/types\/page"}],"author":[{"embeddable":true,"href":"https:\/\/agnesstevenin.com\/index.php\/wp-json\/wp\/v2\/users\/1"}],"replies":[{"embeddable":true,"href":"https:\/\/agnesstevenin.com\/index.php\/wp-json\/wp\/v2\/comments?post=144"}],"version-history":[{"count":3,"href":"https:\/\/agnesstevenin.com\/index.php\/wp-json\/wp\/v2\/pages\/144\/revisions"}],"predecessor-version":[{"id":202,"href":"https:\/\/agnesstevenin.com\/index.php\/wp-json\/wp\/v2\/pages\/144\/revisions\/202"}],"wp:attachment":[{"href":"https:\/\/agnesstevenin.com\/index.php\/wp-json\/wp\/v2\/media?parent=144"}],"curies":[{"name":"wp","href":"https:\/\/api.w.org\/{rel}","templated":true}]}}