{"id":284,"date":"2021-10-17T21:49:49","date_gmt":"2021-10-17T19:49:49","guid":{"rendered":"https:\/\/agnesstevenin.com\/?page_id=284"},"modified":"2022-01-17T20:23:06","modified_gmt":"2022-01-17T19:23:06","slug":"dans-le-silence-de-lamour-mama-editions","status":"publish","type":"page","link":"https:\/\/agnesstevenin.com\/index.php\/dans-le-silence-de-lamour-mama-editions\/","title":{"rendered":"Dans le silence de l&#8217;amour &#8211; MAMA Editions"},"content":{"rendered":"\n<figure class=\"wp-block-image size-large\"><img loading=\"lazy\" width=\"1024\" height=\"536\" src=\"https:\/\/agnesstevenin.com\/wp-content\/uploads\/2021\/10\/SIL_visuelFB_chapo-1024x536.jpg\" alt=\"\" class=\"wp-image-281\" srcset=\"https:\/\/agnesstevenin.com\/wp-content\/uploads\/2021\/10\/SIL_visuelFB_chapo-1024x536.jpg 1024w, https:\/\/agnesstevenin.com\/wp-content\/uploads\/2021\/10\/SIL_visuelFB_chapo-300x157.jpg 300w, https:\/\/agnesstevenin.com\/wp-content\/uploads\/2021\/10\/SIL_visuelFB_chapo-768x402.jpg 768w, https:\/\/agnesstevenin.com\/wp-content\/uploads\/2021\/10\/SIL_visuelFB_chapo-1536x804.jpg 1536w, https:\/\/agnesstevenin.com\/wp-content\/uploads\/2021\/10\/SIL_visuelFB_chapo-2048x1072.jpg 2048w\" sizes=\"(max-width: 1024px) 100vw, 1024px\" \/><\/figure>\n\n\n\n<p><\/p>\n\n\n\n<p><a href=\"https:\/\/www.mamaeditions.com\/catalogue\/temoignages\/dans-le-silence-de-l-amour\"><strong>https:\/\/www.mamaeditions.com\/catalogue\/temoignages\/dans-le-silence-de-l-amour<\/strong><\/a><\/p>\n\n\n\n<figure class=\"wp-block-embed is-type-video is-provider-youtube wp-block-embed-youtube wp-embed-aspect-16-9 wp-has-aspect-ratio\"><div class=\"wp-block-embed__wrapper\">\n<iframe title=\"Agn\u00e8s Stevenin - Dans le silence de l&#039;amour - Pr\u00e9sentation\" width=\"1140\" height=\"641\" src=\"https:\/\/www.youtube.com\/embed\/E2Ehs7sSZVE?feature=oembed\" frameborder=\"0\" allow=\"accelerometer; autoplay; clipboard-write; encrypted-media; gyroscope; picture-in-picture\" allowfullscreen><\/iframe>\n<\/div><\/figure>\n\n\n\n<figure class=\"wp-block-embed is-type-video is-provider-youtube wp-block-embed-youtube wp-embed-aspect-16-9 wp-has-aspect-ratio\"><div class=\"wp-block-embed__wrapper\">\n<iframe title=\"Agn\u00e8s Stevenin - Dans le silence de l&#039;amour - L&#039;\u00e9volution de la trilogie\" width=\"1140\" height=\"641\" src=\"https:\/\/www.youtube.com\/embed\/HFhzI_Hg0eo?feature=oembed\" frameborder=\"0\" allow=\"accelerometer; autoplay; clipboard-write; encrypted-media; gyroscope; picture-in-picture\" allowfullscreen><\/iframe>\n<\/div><\/figure>\n\n\n\n<figure class=\"wp-block-embed is-type-video is-provider-youtube wp-block-embed-youtube wp-embed-aspect-16-9 wp-has-aspect-ratio\"><div class=\"wp-block-embed__wrapper\">\n<iframe title=\"Agn\u00e8s Stevenin - Dans le silence de l&#039;amour - Pourquoi ce titre ?\" width=\"1140\" height=\"641\" src=\"https:\/\/www.youtube.com\/embed\/ESOPJPijj-o?feature=oembed\" frameborder=\"0\" allow=\"accelerometer; autoplay; clipboard-write; encrypted-media; gyroscope; picture-in-picture\" allowfullscreen><\/iframe>\n<\/div><\/figure>\n\n\n\n<h1>Dans le silence de l\u2019amour<\/h1>\n\n\n\n<p>Plus qu\u2019un t\u00e9moignage intime, ce troisi\u00e8me volet autobiographique d\u2019Agn\u00e8s Stevenin est une transmission qui agit par les mots, mais aussi par l\u2019\u00e9nergie vibratoire qu&#8217;elle diffuse.<\/p>\n\n\n\n<h2>Pr\u00e9sentation<\/h2>\n\n\n\n<p>\u00ab\u2009Dans ma pratique, l\u2019aspect f\u00e9minin \u2013\u2009et plus particuli\u00e8rement maternel \u2013\u2009est pr\u00e9dominant. Je n\u2019ai rien fait pour \u00eatre ainsi, cela fait partie de ma nature. Je suis touch\u00e9e au plus profond, car je vois la vuln\u00e9rabilit\u00e9 de la personne, je vois ses fragilit\u00e9s, et, comme une maman, je viens la soulager. Lorsque je soigne, je me laisse emplir tout enti\u00e8re par une \u00e9nergie merveilleuse, que je ressens comme l\u2019\u00e9nergie de la grande M\u00e8re. \u00c9nergie d\u2019amour, de compassion, de bont\u00e9, \u00e9nergie qui enveloppe, qui met la personne dans un cocon de bien-\u00eatre et de s\u00e9curit\u00e9.\u2009\u00bb<\/p>\n\n\n\n<p>\u00ab\u2009Dans le silence de l\u2019amour&#8230; Ces quelques mots, en parfaite ad\u00e9quation avec la th\u00e9matique que je d\u00e9sire d\u00e9velopper dans ce livre, me maintiennent dans la vibration pure de ce qui se vit lors des plus belles s\u00e9ances de soin, dans un espace de gr\u00e2ce absolue, de bonheur donn\u00e9 et re\u00e7u, d\u2019enchantement partag\u00e9, de pl\u00e9nitude de l\u2019\u00e2me et du corps, puisque ces deux dimensions n\u2019en sont qu\u2019une, celle qui nous constitue.\u2009\u00bb<\/p>\n\n\n\n<h2>L\u2019autrice<\/h2>\n\n\n\n<p>Agn\u00e8s Stevenin a d\u00e9couvert son don de gu\u00e9risseuse \u00e0 l\u2019\u00e2ge adulte. Devenue \u00e9nergith\u00e9rapeute, elle met, depuis pr\u00e8s de vingt-cinq ans, ses facult\u00e9s au service des autres, dans l\u2019accompagnement&nbsp;\u00e0 la gu\u00e9rison physique, \u00e9motionnelle et spirituelle.&nbsp;<\/p>\n\n\n\n<p>Sa pratique, fond\u00e9e sur la canalisation des forces de lumi\u00e8re, n\u2019est pas un travail \u00ab\u2009sur\u2009\u00bb l\u2019\u00e9nergie d\u2019une personne, mais une aide \u00e0 sa r\u00e9conciliation avec elle-m\u00eame, pour s\u2019all\u00e9ger, s\u2019\u00e9lever. Elle a \u00e9galement publi\u00e9&nbsp;<em><a href=\"https:\/\/www.mamaeditions.com\/catalogue\/temoignages\/de-la-douleur-a-la-douceur\" target=\"_blank\" rel=\"noreferrer noopener\">De la douleur \u00e0 la douceur<\/a>&nbsp;<\/em>et&nbsp;<em><a href=\"https:\/\/www.mamaeditions.com\/catalogue\/temoignages\/splendeur-des-ames-blessees\" target=\"_blank\" rel=\"noreferrer noopener\">Splendeur des \u00e2mes bless\u00e9es<\/a><\/em>.<\/p>\n","protected":false},"excerpt":{"rendered":"<p>https:\/\/www.mamaeditions.com\/catalogue\/temoignages\/dans-le-silence-de-l-amour Dans le silence de l\u2019amour Plus qu\u2019un t\u00e9moignage intime, ce troisi\u00e8me volet autobiographique d\u2019Agn\u00e8s Stevenin est une transmission qui agit par les mots, mais aussi par l\u2019\u00e9nergie vibratoire qu&#8217;elle diffuse. Pr\u00e9sentation \u00ab\u2009Dans ma pratique, l\u2019aspect f\u00e9minin \u2013\u2009et plus particuli\u00e8rement &hellip; <a href=\"https:\/\/agnesstevenin.com\/index.php\/dans-le-silence-de-lamour-mama-editions\/\">Lire la suite\u00ad\u00ad<\/a><\/p>\n","protected":false},"author":1,"featured_media":0,"parent":0,"menu_order":0,"comment_status":"closed","ping_status":"closed","template":"","meta":[],"_links":{"self":[{"href":"https:\/\/agnesstevenin.com\/index.php\/wp-json\/wp\/v2\/pages\/284"}],"collection":[{"href":"https:\/\/agnesstevenin.com\/index.php\/wp-json\/wp\/v2\/pages"}],"about":[{"href":"https:\/\/agnesstevenin.com\/index.php\/wp-json\/wp\/v2\/types\/page"}],"author":[{"embeddable":true,"href":"https:\/\/agnesstevenin.com\/index.php\/wp-json\/wp\/v2\/users\/1"}],"replies":[{"embeddable":true,"href":"https:\/\/agnesstevenin.com\/index.php\/wp-json\/wp\/v2\/comments?post=284"}],"version-history":[{"count":3,"href":"https:\/\/agnesstevenin.com\/index.php\/wp-json\/wp\/v2\/pages\/284\/revisions"}],"predecessor-version":[{"id":374,"href":"https:\/\/agnesstevenin.com\/index.php\/wp-json\/wp\/v2\/pages\/284\/revisions\/374"}],"wp:attachment":[{"href":"https:\/\/agnesstevenin.com\/index.php\/wp-json\/wp\/v2\/media?parent=284"}],"curies":[{"name":"wp","href":"https:\/\/api.w.org\/{rel}","templated":true}]}}