{"id":290,"date":"2021-10-17T21:57:31","date_gmt":"2021-10-17T19:57:31","guid":{"rendered":"https:\/\/agnesstevenin.com\/?page_id=290"},"modified":"2023-01-25T12:40:35","modified_gmt":"2023-01-25T11:40:35","slug":"quelques-extraits-du-livre-dans-le-silence-de-lamour","status":"publish","type":"page","link":"https:\/\/agnesstevenin.com\/index.php\/quelques-extraits-du-livre-dans-le-silence-de-lamour\/","title":{"rendered":"Quelques extraits du livre Dans le silence de l&#8217;amour"},"content":{"rendered":"\n<p>Dans le silence de l\u2019amour\u2026<\/p>\n\n\n\n<p>Ces quelques mots, en parfaite ad\u00e9quation avec la th\u00e9matique que je d\u00e9sire d\u00e9velopper dans ce livre, me maintiennent dans la vibration pure de ce qui se vit lors des plus belles s\u00e9ances de soin, dans un espace de gr\u00e2ce absolue, de bonheur donn\u00e9 et re\u00e7u, d\u2019enchantement partag\u00e9, de pl\u00e9nitude de l\u2019\u00e2me mais aussi de l\u2019humain, puisque ces deux dimensions n\u2019en sont qu\u2019une, celle qui nous constitue.<\/p>\n\n\n\n<p>(&#8230;)<\/p>\n\n\n\n<p>Dans ma pratique, l\u2019aspect f\u00e9minin &#8211; et peut-\u00eatre plus particuli\u00e8rement encore, maternel &#8211; est pr\u00e9dominant. Je n\u2019ai jamais rien fait pour \u00eatre ainsi, cela fait partie de ma nature. Je suis touch\u00e9e au fond de mon \u00eatre car je vois la vuln\u00e9rabilit\u00e9 de la personne, je vois ses fragilit\u00e9s, et, comme une maman, je viens la soulager. Lorsque je soigne je me laisse emplir tout enti\u00e8re par une \u00e9nergie merveilleuse, que je ressens comme l\u2019\u00c9nergie de la Grande M\u00e8re. \u00c9nergie d\u2019amour, de compassion, de bont\u00e9, \u00e9nergie qui enveloppe, qui met la personne dans un cocon de bien-\u00eatre et de s\u00e9curit\u00e9.<\/p>\n\n\n\n<p>(&#8230;)<\/p>\n\n\n\n<p>Des colonnes de marbre blanc.<\/p>\n\n\n\n<p>C\u2019est un temple.<\/p>\n\n\n\n<p>Un parvis.<\/p>\n\n\n\n<p>Des marches, d\u2019une blancheur d\u2019alb\u00e2tre, elles aussi.<\/p>\n\n\n\n<p>La mer.<\/p>\n\n\n\n<p>La mer et l\u2019horizon qui se fond dans le ciel.<\/p>\n\n\n\n<p>Un bleu intense, presque le \u00ab&nbsp;bleu Klein&nbsp;\u00bb.<\/p>\n\n\n\n<p>Comme une muraille, droit devant.<\/p>\n\n\n\n<p>Et la brise atlantique.<\/p>\n\n\n\n<p>Bleu.<\/p>\n\n\n\n<p>Blanc.<\/p>\n\n\n\n<p>Immensit\u00e9.<\/p>\n\n\n\n<p>F\u00e9licit\u00e9.<\/p>\n\n\n\n<p>\u00c0 travers ma patiente s\u2019unissant \u00e0 son pass\u00e9, je me fonds dans cette femme d\u2019autrefois qui contemple la splendeur.<\/p>\n\n\n\n<p>Bonheur.<\/p>\n\n\n\n<p>(\u2026) <\/p>\n\n\n\n<p>De nombreuses personnes ne voulaient pas s\u2019incarner en raison des contraintes de la mati\u00e8re, et de la perte du lien avec le monde de la cr\u00e9ation sans limite. Les causes sont innombrables, finalement. Il est grand besoin pour nous tous de quitter l\u2019ego dominant plein de souffrance, afin d\u2019incarner notre essence divine. Grand besoin \u00e9galement d\u2019un solide enracinement, sinon nous nous d\u00e9connectons de qui nous sommes r\u00e9ellement. Il est temps que notre \u00e2me prenne sa pleine place dans notre corps&nbsp;; que nous prenions la d\u00e9cision d\u2019installer en nous ce merveilleux \u00e9tat d\u2019amour et de paix qui est n\u00f4tre, sous la gangue de douleur que nous entretenons plus ou moins consciemment. Nos guides nous le demandent instamment. Il est possible de vivre ce changement d\u2019\u00e9tat, en t\u00e9moigne ce retour si joyeux d\u2019une autre de mes patientes, venue car elle se sentait coup\u00e9e de sa source&nbsp;:&nbsp;\u00ab&nbsp;Je suis en pleine forme ! Je n\u2019ai plus envie de remonter&nbsp;! \u00bb D\u00e8s lors que nous sommes ancr\u00e9s dans notre corps, nous sommes en lien avec l\u2019\u00e9nergie puissante et magnifique de la Terre M\u00e8re. Nous pouvons donc go\u00fbter aux joies, aux plaisirs innombrables de la vie, savourer l\u2019incroyable cadeau de notre incarnation. Cet ancrage permet une alchimie int\u00e9rieure, et d\u00e9bouche sur la compr\u00e9hension exaltante que <em>notre v\u00e9ritable demeure est en nous&nbsp;: au c\u0153ur de notre c\u0153ur.<\/em> Il n\u2019y a pas \u00e0 chercher \u00ab&nbsp;ailleurs&nbsp;\u00bb. Nous sommes reli\u00e9s, au plus profond, \u00e0 ce que nous cherchons d\u00e9sesp\u00e9r\u00e9ment \u00e0 l\u2019ext\u00e9rieur. Nous pouvons trouver le bonheur ici-bas. C\u2019est ce que nous sommes venus faire.<\/p>\n\n\n\n<p>(\u2026) <\/p>\n\n\n\n<p>Un amour absolu, non duel, sans condition aucune, sans demande, sans injonction. Un amour devenu mat\u00e9rialisation des enseignements spirituels et bient\u00f4t scientifiques&nbsp;: <em>la puissance de l\u2019amour cr\u00e9e les mondes et le vivant.<\/em> Le temps est aboli, vraiment. Je go\u00fbte tellement ce moment d\u2019exception que je ne parle plus, je ne fais aucun geste, j\u2019ai cess\u00e9 sans m\u2019en rendre compte de guider le travail. Je suis captiv\u00e9e. Fascin\u00e9e. Subjugu\u00e9e par ce qui nous est d\u00e9voil\u00e9. Sous les yeux du groupe p\u00e9trifi\u00e9, voici que dans un silence total se r\u00e9v\u00e8le une le\u00e7on magistrale. Lorsque son \u00eatre est pur, la puissance de l\u2019amour d\u2019une m\u00e8re s\u2019\u00e9l\u00e8ve comme le chant de la Terre.<\/p>\n\n\n\n<p>(\u2026) <\/p>\n\n\n\n<p>Ce qui nous est demand\u00e9 en ces temps d\u2019\u00e9volution acc\u00e9l\u00e9r\u00e9e, c\u2019est d\u2019\u00eatre <em>un<\/em> <em>point<\/em> <em>focal du divin dans l\u2019humanit\u00e9, o\u00f9 que l\u2019on se trouve<\/em> : dans l\u2019entreprise, \u00e0 l\u2019\u00e9cole, \u00e0 l\u2019universit\u00e9, \u00e0 l\u2019h\u00f4pital, sur notre tracteur, sur le tournage d\u2019un film d\u2019auteur, dans notre commerce, au restaurant, en changeant notre b\u00e9b\u00e9, dans notre camion en approvisionnant les villes en denr\u00e9es essentielles, en vidant les poubelles des cit\u00e9s, sur un chantier\u2026 Nous avons rassembl\u00e9 dans cette incarnation les ressources et les potentiels de toutes les autres. Nous avons \u00e9t\u00e9 volontaires pour \u00eatre pr\u00e9sents en cette p\u00e9riode car nous voulions aider, participer au changement d\u2019\u00e8re qui s\u2019annonce. Alors, soyons heureux d\u2019\u00eatre l\u00e0&nbsp;! Encore une fois, l\u2019aide la plus pr\u00e9cieuse que nous puissions apporter \u00e0 l\u2019humanit\u00e9 ne r\u00e9side pas dans le \u00ab&nbsp;faire&nbsp;\u00bb. Elle est dans la mise en action de d\u00e9cisions essentielles&nbsp;: sortir de la peur, de la n\u00e9gativit\u00e9, et devenir des piliers de lumi\u00e8re. Nous ouvrir \u00e0 l\u2019amour, \u00e0 la compassion, \u00e0 la sagesse, \u00e0 la joie, et nous rappeler enfin notre pleine puissance&nbsp;: ce magnifique programme est celui de tous. De chacun d\u2019entre nous, sans exception.<\/p>\n\n\n\n<p>(\u2026) <\/p>\n\n\n\n<p>\u00c0 ces b\u00e9b\u00e9s, ces petits, ces ados, ces jeunes et jeunes adultes, magnifiques \u00eatres aux c\u0153urs purs\u2026 Merci d\u2019\u00eatre venus en ces temps de transformation collective \u0153uvrer \u00e0 la cr\u00e9ation d\u2019un nouveau monde, merci d\u2019\u00e9tablir l\u2019amour sur la Terre.<\/p>\n\n\n\n<p>(\u2026) <\/p>\n\n\n\n<p>Au coin de l\u2019\u0153il gauche de ce visage habituellement serein, empreint de d\u00e9licatesse et de paix int\u00e9rieure, perle une larme. Cette goutte de cristal coulant dans un moment si harmonieux le long du galbe de la grande joue de bois dor\u00e9, m\u2019interroge. La m\u00eame larme perle au coin de l\u2019\u0153il de ma patiente. Je pose la question \u00e0 voix basse : \u00ab&nbsp;Que s\u2019est-il pass\u00e9 ?&nbsp;\u00bb&nbsp;\u00ab Je pleure de bonheur. Je viens de voir mon guide\u2026&nbsp;\u00bb<\/p>\n\n\n\n<p>(\u2026) <\/p>\n\n\n\n<p>Il est des personnes que nous avons du mal \u00e0 soigner. C\u2019est tr\u00e8s rare, surtout dans cette intensit\u00e9. Mais cela arrive, lorsque notre partie bless\u00e9e se met au premier plan. L\u2019unique moyen d\u2019y parvenir est de recontacter d\u2019urgence l\u2019autre part de nous-m\u00eame, la belle part, la part spirituelle, celle qui nous permet de nous relier \u00e0 l\u2019amour, \u00e0 l\u2019ouverture du c\u0153ur, \u00e0 la g\u00e9n\u00e9rosit\u00e9. Paradoxalement, seule cette acrobatie douloureuse peut nous faire retrouver notre verticalit\u00e9.<\/p>\n\n\n\n<p>(\u2026) <\/p>\n\n\n\n<p>Nous sommes \u00e0 part enti\u00e8re des \u00eatres du multivers. Des \u00eatres multidimensionnels. C\u2019est vertigineux, mais c\u2019est ainsi. Nous sommes un projet du divin, qui, pour s\u2019exp\u00e9rimenter, se d\u00e9ploie en de multiples facettes. Nombreux parmi les gens en apparence les plus ordinaires sont en r\u00e9alit\u00e9 des stellaires, c\u2019est \u00e0 dire des \u00eatres reli\u00e9s plus sp\u00e9cialement et directement \u00e0 une plan\u00e8te beaucoup plus \u00e9volu\u00e9e que l\u2019est la Terre actuellement. Ils sont en quelque sorte \u00ab&nbsp;d\u00e9guis\u00e9s&nbsp;\u00bb en humains.<\/p>\n\n\n\n<p>(\u2026) <\/p>\n\n\n\n<p>Mes filles Clara et Laura se sont incarn\u00e9es dans une famille d&#8217;\u00e2mes au sens biologique, c&#8217;est-\u00e0-dire dans un contexte qui leur a permis d&#8217;\u00eatre entour\u00e9es de gu\u00e9risseurs (p\u00e8re, m\u00e8re, et m\u00eame nos chats&#8230;) qu&#8217;elles connaissaient d\u00e9j\u00e0 de longue date.<\/p>\n\n\n\n<p>(\u2026) <\/p>\n\n\n\n<p>Parmi les animaux, certains, comme chez les humains, abritent une conscience de ma\u00eetre. Pour notre plus grand bonheur nous avons toujours \u00e9t\u00e9 guid\u00e9es vers ces \u00eatres, qu\u2019ils se soient incarn\u00e9s en chats siamois, burmeses, ou abyssins. Je pr\u00e9cise qu\u2019il y a des \u00eatres exceptionnels dans toutes les esp\u00e8ces et dans toutes les races&nbsp;; la conscience n\u2019a rien \u00e0 voir avec le pedigree, m\u00eame le plus haut de gamme.<\/p>\n\n\n\n<p>(\u2026) <\/p>\n\n\n\n<p>Nous passons dans un cycle qui sera bien davantage r\u00e9gi par les valeurs du Yin, du f\u00e9minin. De nombreux \u00eatres sont en recherche d\u2019un ou une partenaire qui soit leur \u00e9gal(e)&nbsp;; quelle que soit sa polarit\u00e9 physiologique, il ne s\u2019agit plus de craindre son propre f\u00e9minin, mais de le respecter en soi-m\u00eame et en l\u2019autre. La peur d\u2019exprimer \u00e9motions ou sentiments dispara\u00eet peu \u00e0 peu. Nous nous r\u00e9alignons en nous harmonisant de l\u2019int\u00e9rieur, en nous r\u00e9conciliant avec nous-m\u00eame&nbsp;: en faisant la paix avec les deux forces qui r\u00e9gissent toute vie. Ce Yin et ce Yang qui circulent en chacun de nous, pour nous faire exister dans le monde physique.<\/p>\n\n\n\n<p>(\u2026) <\/p>\n\n\n\n<p>Accueillons les nouvelles \u00e9nergies. Elles d\u00e9ferlent en masse sur le monde&nbsp;: joignons-nous \u00e0 ce mouvement dans la joie. \u00c9levons en conscience nos basses vibrations pour nous ouvrir \u00e0 la b\u00e9n\u00e9diction d\u2019une sagesse plus grande. En montant en fr\u00e9quence, tout s\u2019aligne \u00e0 l\u2019int\u00e9rieur de nous et alentour. Nous engageons ainsi naturellement les autres \u00e0 faire de m\u00eame. Il ne nous est pas demand\u00e9 de combattre mais de rayonner.<\/p>\n","protected":false},"excerpt":{"rendered":"<p>Dans le silence de l\u2019amour\u2026 Ces quelques mots, en parfaite ad\u00e9quation avec la th\u00e9matique que je d\u00e9sire d\u00e9velopper dans ce livre, me maintiennent dans la vibration pure de ce qui se vit lors des plus belles s\u00e9ances de soin, dans &hellip; <a href=\"https:\/\/agnesstevenin.com\/index.php\/quelques-extraits-du-livre-dans-le-silence-de-lamour\/\">Lire la suite\u00ad\u00ad<\/a><\/p>\n","protected":false},"author":1,"featured_media":0,"parent":0,"menu_order":0,"comment_status":"closed","ping_status":"closed","template":"","meta":[],"_links":{"self":[{"href":"https:\/\/agnesstevenin.com\/index.php\/wp-json\/wp\/v2\/pages\/290"}],"collection":[{"href":"https:\/\/agnesstevenin.com\/index.php\/wp-json\/wp\/v2\/pages"}],"about":[{"href":"https:\/\/agnesstevenin.com\/index.php\/wp-json\/wp\/v2\/types\/page"}],"author":[{"embeddable":true,"href":"https:\/\/agnesstevenin.com\/index.php\/wp-json\/wp\/v2\/users\/1"}],"replies":[{"embeddable":true,"href":"https:\/\/agnesstevenin.com\/index.php\/wp-json\/wp\/v2\/comments?post=290"}],"version-history":[{"count":5,"href":"https:\/\/agnesstevenin.com\/index.php\/wp-json\/wp\/v2\/pages\/290\/revisions"}],"predecessor-version":[{"id":425,"href":"https:\/\/agnesstevenin.com\/index.php\/wp-json\/wp\/v2\/pages\/290\/revisions\/425"}],"wp:attachment":[{"href":"https:\/\/agnesstevenin.com\/index.php\/wp-json\/wp\/v2\/media?parent=290"}],"curies":[{"name":"wp","href":"https:\/\/api.w.org\/{rel}","templated":true}]}}