{"id":37,"date":"2018-09-03T22:00:14","date_gmt":"2018-09-03T20:00:14","guid":{"rendered":"http:\/\/agnesstevenin.com\/?page_id=37"},"modified":"2021-10-17T21:22:25","modified_gmt":"2021-10-17T19:22:25","slug":"la-guerison-de-lenfant-interieur","status":"publish","type":"page","link":"https:\/\/agnesstevenin.com\/index.php\/la-guerison-de-lenfant-interieur\/","title":{"rendered":"La Gu\u00e9rison de l&#8217;Enfant Int\u00e9rieur"},"content":{"rendered":"<div align=\"justify\">\n<p id=\"col3\"><em>Le travail de groupe permet un ph\u00e9nom\u00e8ne de r\u00e9sonance. Chacun se renvoie en \u00e9cho ses probl\u00e9matiques, son histoire et ses exp\u00e9riences de vie, induisant des prises de conscience pour soi et pour les autres. Accueillir les blessures des autres permet d\u2019accueillir les siennes, et de lib\u00e9rer des \u00e9motions auparavant impossibles \u00e0 exprimer. Le cadre de s\u00e9curit\u00e9, de bienveillance et de confidentialit\u00e9 du groupe permet cela.<\/em><\/p>\n<h3><strong>L&#8217;Origine et le But<\/strong><\/h3>\n<\/div>\n<div id=\"col1\" class=\"grid_8 \">\n<div align=\"justify\">\n<p>Nous portons bien souvent \u00e0 l\u2019int\u00e9rieur de nous, \u00e0 notre insu, un enfant malheureux.<br \/>\nCet enfant, c\u2019est nous-m\u00eame, bloqu\u00e9 psychologiquement, \u00e9motionnellement et \u00e9nerg\u00e9tiquement \u00e0 l\u2019\u00e2ge auquel nous avons rencontr\u00e9 une souffrance, un traumatisme, une blessure.<br \/>\nSelon l\u2019histoire qui a \u00e9t\u00e9 la n\u00f4tre, ce \u00ab petit nous \u00bb bien vivant se sent aujourd\u2019hui encore mal aim\u00e9, trahi, abandonn\u00e9, rejet\u00e9, humili\u00e9, victime d\u2019injustice, domin\u00e9, abus\u00e9, souill\u00e9, agress\u00e9, d\u00e9truit&#8230;<br \/>\nEt c\u2019est lui qui prend toute la place dans notre vie, nuisant \u00e0 notre bien-\u00eatre, \u00e0 la fluidit\u00e9 de nos relations, allant jusqu\u2019\u00e0 cr\u00e9er des blocages dans notre corps, voire m\u00eame des maladies.Aller \u00e0 sa rencontre, le rassurer, le consoler, l\u2019aimer, constitue peut-\u00eatre le travail de base sur nous-m\u00eames.<\/p>\n<\/div>\n<\/div>\n<div id=\"col2\" class=\"grid_8\">\n<div align=\"justify\">\n<p>LA PRIORITE, pour que l\u2019adulte que nous sommes puisse enfin s\u2019\u00e9panouir, \u00eatre heureux et laisser libre cours \u00e0 sa cr\u00e9ativit\u00e9.<\/p>\n<p>Au fil du temps, j\u2019ai d\u00e9cid\u00e9 d\u2019animer des ateliers de travail collectif. Ces ateliers, compl\u00e9mentaires du travail individuel, permettent gr\u00e2ce au groupe de g\u00e9n\u00e9rer une puissante \u00e9nergie, et de gu\u00e9rir rapidement et profond\u00e9ment certains aspects de notre psych\u00e9.<\/p>\n<p>Dans cet atelier collectif de la \u00ab Gu\u00e9rison de l\u2019enfant int\u00e9rieur \u00bb, j\u2019accueille dans la plus grande douceur les blessures de votre \u00eatre dont la racine se situe dans votre enfance ; qu\u2019elles soient de nature physique, \u00e9motionnelle, ou mentale. Ce travail permet que s\u2019accomplissent une lib\u00e9ration de vos souffrances actuelles, et le retour \u00e0 la paix.<\/p>\n<\/div>\n<\/div>\n<div id=\"bloc\" class=\"grid_14 \">Renseignements pratiques :<br \/>\nCes ateliers sont compos\u00e9s d\u2019un travail guid\u00e9 de recherche personnelle, de dialogues avec notre enfant int\u00e9rieur au travers de l\u2019\u00e9criture, de dessins, et d\u2019exercices interactifs concernant notre relation \u00e0 nos parents. Egalement, si besoin est, de soins \u00e9nerg\u00e9tiques. Ils durent une soir\u00e9e, plus 2 jours pleins : le vendredi de 19h \u00e0 21h30, puis samedi et dimanche de 9h30 \u00e0 18h30.<\/div>\n<div><\/div>\n<div id=\"bloc2\" class=\"grid_14 \">\n<p><span class=\"rose\"><strong>Mat\u00e9riel :<\/strong>\u00a0Apportez crayons de couleur, papier \u00e0 dessin, stylos et cahier d\u00e8s vendredi soir, et une photo de vous enfant.<\/span><\/p>\n<p><strong>Conditions d\u2019inscription:<\/strong><br \/>\nLe nombre de participants est limit\u00e9. Les inscriptions seront confirm\u00e9es \u00e0 la r\u00e9ception d\u2019un ch\u00e8que d\u2019arrhes. Il sera restitu\u00e9 contre paiement du stage le premier jour.<br \/>\n* En cas de d\u00e9sistement 3 semaines avant le stage ce ch\u00e8que sera encaiss\u00e9.<\/p>\n<\/div>\n","protected":false},"excerpt":{"rendered":"<p>Le travail de groupe permet un ph\u00e9nom\u00e8ne de r\u00e9sonance. Chacun se renvoie en \u00e9cho ses probl\u00e9matiques, son histoire et ses exp\u00e9riences de vie, induisant des prises de conscience pour soi et pour les autres. Accueillir les blessures des autres permet &hellip; <a href=\"https:\/\/agnesstevenin.com\/index.php\/la-guerison-de-lenfant-interieur\/\">Lire la suite\u00ad\u00ad<\/a><\/p>\n","protected":false},"author":1,"featured_media":0,"parent":0,"menu_order":0,"comment_status":"closed","ping_status":"closed","template":"","meta":[],"_links":{"self":[{"href":"https:\/\/agnesstevenin.com\/index.php\/wp-json\/wp\/v2\/pages\/37"}],"collection":[{"href":"https:\/\/agnesstevenin.com\/index.php\/wp-json\/wp\/v2\/pages"}],"about":[{"href":"https:\/\/agnesstevenin.com\/index.php\/wp-json\/wp\/v2\/types\/page"}],"author":[{"embeddable":true,"href":"https:\/\/agnesstevenin.com\/index.php\/wp-json\/wp\/v2\/users\/1"}],"replies":[{"embeddable":true,"href":"https:\/\/agnesstevenin.com\/index.php\/wp-json\/wp\/v2\/comments?post=37"}],"version-history":[{"count":4,"href":"https:\/\/agnesstevenin.com\/index.php\/wp-json\/wp\/v2\/pages\/37\/revisions"}],"predecessor-version":[{"id":275,"href":"https:\/\/agnesstevenin.com\/index.php\/wp-json\/wp\/v2\/pages\/37\/revisions\/275"}],"wp:attachment":[{"href":"https:\/\/agnesstevenin.com\/index.php\/wp-json\/wp\/v2\/media?parent=37"}],"curies":[{"name":"wp","href":"https:\/\/api.w.org\/{rel}","templated":true}]}}