{"id":42,"date":"2018-09-03T22:05:48","date_gmt":"2018-09-03T20:05:48","guid":{"rendered":"http:\/\/agnesstevenin.com\/?page_id=42"},"modified":"2022-01-17T20:38:35","modified_gmt":"2022-01-17T19:38:35","slug":"de-la-douleur-a-la-douceur","status":"publish","type":"page","link":"https:\/\/agnesstevenin.com\/index.php\/de-la-douleur-a-la-douceur\/","title":{"rendered":"De la douleur \u00e0 la douceur &#8211; MAMA Editions"},"content":{"rendered":"<p class=\"typoorange\"><img loading=\"lazy\" class=\"aligncenter wp-image-43 size-full\" src=\"http:\/\/agnesstevenin.com\/wp-content\/uploads\/2018\/09\/livre1-agnes.jpg\" alt=\"\" width=\"213\" height=\"283\"><strong><a href=\"https:\/\/www.mamaeditions.com\/auteurs\/agnes-stevenin\">https:\/\/www.mamaeditions.com\/auteurs\/agnes-stevenin<\/a><\/strong><\/p>\n<p class=\"typoorange\">Ce livre se veut le rapporteur de mon changement profond, et du travail de th\u00e9rapeute qui en a r\u00e9sult\u00e9. Il se fait le t\u00e9moin d\u2019un travail alchimique : celui que chaque \u00eatre humain doit accomplir pour avancer. Puis s\u2019\u00e9lever, et lentement se d\u00e9ployer, vers l\u2019expression la plus \u00e9lev\u00e9e du Soi.<\/p>\n<h2><a href=\"https:\/\/www.mamaeditions.com\/auteurs\/agnes-stevenin\"><span class=\"blanc\">&#8230;<\/span>Chez MAMA Editions<\/a><\/h2>\n[\u2026]&nbsp;<strong>Me laisser traverser&nbsp;: c&#8217;est tout ce que j&#8217;ai \u00e0 faire. M&#8217;asseoir aupr\u00e8s des gens, me connecter \u00e0 leur souffrance, \u00eatre boulevers\u00e9e par la douleur qu&#8217;ils portent en eux, puis, progressivement, miraculeusement, pourrait-on dire, ayant pos\u00e9 mes mains sur eux, sentir leur corps se d\u00e9tendre, s&#8217;apaiser&#8230; Voir leur visage entrer dans la paix, s&#8217;illuminer, r\u00e9v\u00e9ler soudainement une sereine beaut\u00e9&#8230; Les entendre me dire \u00e0 la fin de la s\u00e9ance \u00e0 quel point ils se sentent mieux, combien ils sont d\u00e9livr\u00e9s&#8230;&nbsp;<\/strong><br>\n<strong>Comment pourrais-je avoir la pr\u00e9tention de penser que je suis, moi toute seule, celle qui obtient ces r\u00e9sultats ?<\/strong>&nbsp;[\u2026]\n\n\n<p><\/p>\n","protected":false},"excerpt":{"rendered":"<p>https:\/\/www.mamaeditions.com\/auteurs\/agnes-stevenin Ce livre se veut le rapporteur de mon changement profond, et du travail de th\u00e9rapeute qui en a r\u00e9sult\u00e9. Il se fait le t\u00e9moin d\u2019un travail alchimique : celui que chaque \u00eatre humain doit accomplir pour avancer. Puis s\u2019\u00e9lever, &hellip; <a href=\"https:\/\/agnesstevenin.com\/index.php\/de-la-douleur-a-la-douceur\/\">Lire la suite\u00ad\u00ad<\/a><\/p>\n","protected":false},"author":1,"featured_media":0,"parent":0,"menu_order":0,"comment_status":"closed","ping_status":"closed","template":"","meta":[],"_links":{"self":[{"href":"https:\/\/agnesstevenin.com\/index.php\/wp-json\/wp\/v2\/pages\/42"}],"collection":[{"href":"https:\/\/agnesstevenin.com\/index.php\/wp-json\/wp\/v2\/pages"}],"about":[{"href":"https:\/\/agnesstevenin.com\/index.php\/wp-json\/wp\/v2\/types\/page"}],"author":[{"embeddable":true,"href":"https:\/\/agnesstevenin.com\/index.php\/wp-json\/wp\/v2\/users\/1"}],"replies":[{"embeddable":true,"href":"https:\/\/agnesstevenin.com\/index.php\/wp-json\/wp\/v2\/comments?post=42"}],"version-history":[{"count":8,"href":"https:\/\/agnesstevenin.com\/index.php\/wp-json\/wp\/v2\/pages\/42\/revisions"}],"predecessor-version":[{"id":381,"href":"https:\/\/agnesstevenin.com\/index.php\/wp-json\/wp\/v2\/pages\/42\/revisions\/381"}],"wp:attachment":[{"href":"https:\/\/agnesstevenin.com\/index.php\/wp-json\/wp\/v2\/media?parent=42"}],"curies":[{"name":"wp","href":"https:\/\/api.w.org\/{rel}","templated":true}]}}