{"id":47,"date":"2018-09-03T22:09:32","date_gmt":"2018-09-03T20:09:32","guid":{"rendered":"http:\/\/agnesstevenin.com\/?page_id=47"},"modified":"2020-04-24T09:34:04","modified_gmt":"2020-04-24T07:34:04","slug":"conferences-et-citations-presse","status":"publish","type":"page","link":"https:\/\/agnesstevenin.com\/index.php\/conferences-et-citations-presse\/","title":{"rendered":"Conf\u00e9rences INREES et citations presse: De la douleur \u00e0 la douceur"},"content":{"rendered":"<p><strong class=\"typorose\"><img loading=\"lazy\" class=\"alignnone size-full wp-image-43\" src=\"http:\/\/agnesstevenin.com\/wp-content\/uploads\/2018\/09\/livre1-agnes.jpg\" alt=\"\" width=\"213\" height=\"283\" \/><\/strong><\/p>\n<h5><strong class=\"typorose\">Conf\u00e9rence \u00e0 l&#8217;INREES d&#8217;Agn\u00e8s Stevenin<br \/>\n<\/strong><br \/>\n<span class=\"typobleu\"><strong>Mardi 9 D\u00e9cembre 2014 de 19h50 \u00e0 22h30<\/strong><\/span><br \/>\n<em>La douceur,\u2028pour gu\u00e9rir gr\u00e2ce \u00e0 l&#8217;invisible<br \/>\n<\/em><\/h5>\n<p><strong class=\"typobleu\">La soir\u00e9e en deux mots<\/strong><br \/>\nPeut-on devenir gu\u00e9risseur sans le vouloir ? Il y a 17 ans, c&#8217;est ce qui est arriv\u00e9 \u00e0 Agn\u00e8s Stevenin, une m\u00e8re de famille que rien ne pr\u00e9disposait \u00e0 cela, lorsque soudain elle s&#8217;est mise \u00e0 voir les corps \u00e9nerg\u00e9tiques des gens, et \u00e0 savoir qu&#8217;elle pouvait les soigner. Comment devenir gu\u00e9risseuse en \u00e9tant compl\u00e8tement autodidacte ? Comment a-t-elle v\u00e9cu ce changement de vie ?<br \/>\nAu-del\u00e0 du r\u00e9cit de son parcours extraordinaire, Agn\u00e8s Stevenin nous expliquera lors de cette soir\u00e9e INREES sa conception de la r\u00e9alit\u00e9 \u00e9nerg\u00e9tique qui nous compose. \u00ab Le corps humain est un ensemble qui fonctionne dans un principe de globalit\u00e9 sur les plans physique et psychique. En intervenant sur les diff\u00e9rents corps et centres, on agit sur l&#8217;ensemble de l&#8217;\u00eatre. \u00bb Une plong\u00e9e toute en douceur au c\u0153ur de l&#8217;invisible.<\/p>\n<p><a href=\"https:\/\/www.inrees.com\/Conferences\/Douceur-guerir-invisible-Agnes-Stevenin\/\" target=\"_blank\" rel=\"noopener\"><strong>Retrouvez la video de la Conf\u00e9rence INREES d&#8217;Agn\u00e8s Stevenin en cliquant sur le lien ici.<\/strong><\/a><\/p>\n<p>&nbsp;<\/p>\n<h3>Conf\u00e9rence int\u00e9grale d\u2019Agn\u00e8s Stevenin sur son ouvrage \u00ab\u00a0De la douleur \u00e0 la douceur\u00a0\u00bb ajout\u00e9e par SANTIAGO Didier:<\/h3>\n<div class=\"entry-content-asset videofit\"><iframe width=\"1140\" height=\"641\" src=\"https:\/\/www.youtube.com\/embed\/Y1YKz7-ashE?feature=oembed\" frameborder=\"0\" allow=\"autoplay; encrypted-media\" allowfullscreen><\/iframe><\/div>\n<div class=\"entry-content-asset videofit\">\n<div><\/div>\n<\/div>\n<h2><strong>Citations dans la Presse<\/strong><\/h2>\n<p><strong><span class=\"typorose\">C\u00f4t\u00e9 Sant\u00e9<br \/>\n<\/span><\/strong><br \/>\nL\u00e2chez prise et laissez-vous transporter par ce magnifique et touchant t\u00e9moignage que nous livre Agn\u00e8s Stevenin dans ce r\u00e9cit parfois troublant. L&#8217;auteur nous emm\u00e8ne \u00e0 la d\u00e9couverte de son parcours \u00ab\u00a0extra ordinaire\u00a0\u00bb de gu\u00e9risseuse du corps et de l&#8217;\u00e2me, un don d\u00e9couvert \u00e0 l&#8217;\u00e2ge adulte. Elle nous prend par la main et nous livre avec pudeur et d\u00e9licatesse son exp\u00e9rience \u00e0 la limite du visible et de l&#8217;imperceptible. Avec elle, on pleure le d\u00e9c\u00e8s de sa petite fille, Rose\u00a0; avec elle, on s&#8217;\u00e9merveille de tous ces signes c\u00e9lestes qui lui sont adress\u00e9s et qu&#8217;elle sait peu \u00e0 peu reconna\u00eetre\u00a0; avec elle, on s&#8217;abandonne \u00e0 cette paix profonde, cette gr\u00e2ce qui lui ouvre les portes de \u00ab\u00a0la connaissance\u00a0\u00bb. Mais Agn\u00e8s ne se contente pas de recevoir\u2026 elle donne, elle transmet de l&#8217;\u00e9nergie, elle apaise les c\u0153urs bless\u00e9s et gu\u00e9rit les chairs meurtries et nous invite \u00e0 la suivre sur ces chemins de gu\u00e9risons et de rencontres exceptionnelles. Bouleversant.<\/p>\n<p class=\"typorose\"><strong>St\u00e9phane Allix<br \/>\nFondateur de l&#8217;INREES\u00a0 et de Inexplor\u00e9 magazine<\/strong><\/p>\n<p>\u00a0 &#8220;Enfin un livre clair et pr\u00e9cis sur ces perceptions myst\u00e9rieuses et si subtiles accessibles \u00e0 certains gu\u00e9risseurs, et qu&#8217;il est si difficile de faire partager. Agn\u00e8s Stevenin a su trouver les mots, avec une tr\u00e8s grande justesse et une belle sensibilit\u00e9, pour nous faire ressentir les myst\u00e8res de son parcours, depuis la d\u00e9couverte de ses capacit\u00e9s naissantes, jusqu&#8217;\u00e0 leur \u00e9panouissement. Un t\u00e9moignage plus que touchant, sinc\u00e8re, juste, modeste, marque d&#8217;une grande force int\u00e9rieure.&#8221;<\/p>\n<p><strong class=\"typorose\">HOROSCOPE<\/strong><\/p>\n<p>\u00ab\u00a0Un livre qui peut<br \/>\nchanger votre vie \u00bb<\/p>\n<p><span class=\"typorose\"><strong>Laurent Huguelit. Auteur des \u00a0<em>Huit circuits de la conscience.<\/em><\/strong><\/span><em><br \/>\n<\/em>\u00ab\u00a0Je viens de terminer\u00a0<em>De la douleur \u00e0 la douceur<\/em>\u00a0: c&#8217;est un must, un vrai cadeau.\u00a0Je dirais ceci :\u00a0ce livre est un tr\u00e9sor\u00a0de bienveillance, de sagesse et de f\u00e9minit\u00e9\u00a0\u00bb.<\/p>\n","protected":false},"excerpt":{"rendered":"<p>Conf\u00e9rence \u00e0 l&#8217;INREES d&#8217;Agn\u00e8s Stevenin Mardi 9 D\u00e9cembre 2014 de 19h50 \u00e0 22h30 La douceur,\u2028pour gu\u00e9rir gr\u00e2ce \u00e0 l&#8217;invisible La soir\u00e9e en deux mots Peut-on devenir gu\u00e9risseur sans le vouloir ? Il y a 17 ans, c&#8217;est ce qui est &hellip; <a href=\"https:\/\/agnesstevenin.com\/index.php\/conferences-et-citations-presse\/\">Lire la suite\u00ad\u00ad<\/a><\/p>\n","protected":false},"author":1,"featured_media":0,"parent":0,"menu_order":0,"comment_status":"closed","ping_status":"closed","template":"","meta":[],"_links":{"self":[{"href":"https:\/\/agnesstevenin.com\/index.php\/wp-json\/wp\/v2\/pages\/47"}],"collection":[{"href":"https:\/\/agnesstevenin.com\/index.php\/wp-json\/wp\/v2\/pages"}],"about":[{"href":"https:\/\/agnesstevenin.com\/index.php\/wp-json\/wp\/v2\/types\/page"}],"author":[{"embeddable":true,"href":"https:\/\/agnesstevenin.com\/index.php\/wp-json\/wp\/v2\/users\/1"}],"replies":[{"embeddable":true,"href":"https:\/\/agnesstevenin.com\/index.php\/wp-json\/wp\/v2\/comments?post=47"}],"version-history":[{"count":9,"href":"https:\/\/agnesstevenin.com\/index.php\/wp-json\/wp\/v2\/pages\/47\/revisions"}],"predecessor-version":[{"id":257,"href":"https:\/\/agnesstevenin.com\/index.php\/wp-json\/wp\/v2\/pages\/47\/revisions\/257"}],"wp:attachment":[{"href":"https:\/\/agnesstevenin.com\/index.php\/wp-json\/wp\/v2\/media?parent=47"}],"curies":[{"name":"wp","href":"https:\/\/api.w.org\/{rel}","templated":true}]}}