{"id":49,"date":"2018-09-03T22:10:54","date_gmt":"2018-09-03T20:10:54","guid":{"rendered":"http:\/\/agnesstevenin.com\/?page_id=49"},"modified":"2023-01-25T12:40:05","modified_gmt":"2023-01-25T11:40:05","slug":"quelques-extraits-du-livre","status":"publish","type":"page","link":"https:\/\/agnesstevenin.com\/index.php\/quelques-extraits-du-livre\/","title":{"rendered":"Quelques extraits du livre De la douleur \u00e0 la douceur"},"content":{"rendered":"<div id=\"dessous\" class=\"container_24\">\n<div class=\"grid_18\">\n<div id=\"TabbedPanels1\" class=\"TabbedPanels\">\n<div class=\"TabbedPanelsContentGroup\">\n<div class=\"TabbedPanelsContent TabbedPanelsContentVisible\">\n<div id=\"col1\" class=\"grid_8 \">\n<div align=\"justify\">\n<p><img loading=\"lazy\" class=\"alignnone size-full wp-image-43\" src=\"http:\/\/agnesstevenin.com\/wp-content\/uploads\/2018\/09\/livre1-agnes.jpg\" alt=\"\" width=\"213\" height=\"283\"><\/p>\n<p><strong>Quelques extraits du livre<\/strong>&nbsp;&#8230;<\/p>\n[\u2026] Superbe \u00e9t\u00e9 \u00e0 Belle-Ile&#8230; Longs moments b\u00e9nis de fusion avec la nature, journ\u00e9es qui s&#8217;\u00e9tirent \u00e0 l&#8217;infini dans une lumi\u00e8re radieuse, lenteur, accord\u00e9e comme un cadeau, qui me permet de faire le point sur ma vie, de r\u00e9fl\u00e9chir \u00e0 ce qui m&#8217;arrive, \u00e0 qui je suis en train de devenir, \u00e0 cette n\u00e9cessit\u00e9 d&#8217;exp\u00e9rimentation par les mains que je sens s&#8217;imposer chaque jour plus encore&#8230; Et puis soudain je me sens pr\u00eate&nbsp;: j&#8217;ose faire ma demande. Au lieu d&#8217;aller \u00e0 la plage, ma seconde fille, alors \u00e2g\u00e9e de dix-neuf ans, accepte d&#8217;\u00eatre mon cobaye. Emue par sa confiance, je me promets de faire de mon mieux. Elle s&#8217;allonge&nbsp; sur la table de la salle \u00e0 manger, ferme les yeux, et me laisse faire.<br \/>\nCe qui suit m&#8217;a litt\u00e9ralement abasourdie, plus encore je pense que ma premi\u00e8re exp\u00e9rience de soin \u00e0 distance. Peut-\u00eatre parce que cette fois-l\u00e0 j&#8217;avais un \u00ab&nbsp;t\u00e9moin&nbsp;\u00bb.<br \/>\nEt un t\u00e9moin qui me tenait \u00e0 c\u0153ur&#8230;<br \/>\nDans cette pi\u00e8ce aux fen\u00eatres grandes ouvertes sur des volets mi-clos r\u00e8gne une belle douceur. La chaleur estivale est estomp\u00e9e par la p\u00e9nombre travers\u00e9e de rais de soleil \u00e9clatants.&nbsp; Un silence vivant, f\u00e9cond\u00e9 par les cris des mouettes et le souffle sal\u00e9 du vent dans les pins donne \u00e0 ce moment une certaine solennit\u00e9. Il m&#8217;est facile de me centrer. Tr\u00e8s vite une \u00e9nergie extraordinaire qui me donne la sensation d&#8217;\u00eatre tr\u00e8s lourde fait vibrer tout mon corps.<br \/>\nEn fait, je remarque que tout mon corps est pr\u00e9sent, bien plus que pendant les s\u00e9ances \u00e0 distance&nbsp;; je me sens \u00ab&nbsp;anim\u00e9e&nbsp;\u00bb des pieds \u00e0 la t\u00eate par quelque chose de doux, puissant, aimant, ayant un but pr\u00e9cis. Il me faut tout apprendre \u00e0 nouveau&#8230;<br \/>\nDans ce nouveau, j&#8217;ai tellement envie de bien faire que je me concentre sur l&#8217;action, non sur le ressenti. N\u00e9anmoins, je sens cette \u00e9nergie se diriger vers mes mains, les inonder un bref instant, puis en couler r\u00e9guli\u00e8rement, comme coule l&#8217;eau d&#8217;une fontaine. Je n&#8217;ai pas \u00e0 r\u00e9fl\u00e9chir, les gestes me viennent spontan\u00e9ment. Je me place derri\u00e8re ma fille, les mains l\u00e9g\u00e8rement au-dessus de sa t\u00eate, et j&#8217;attends. Je me sens bient\u00f4t rejoindre un espace de paix profonde qui me fait oublier toutes mes interrogations.<br \/>\nDoucement, je la &nbsp;vois sombrer dans un \u00e9tat d&#8217;extr\u00eame d\u00e9tente, de profonde relaxation. Je sens que je dois insister sur certaines zones, certains organes,&nbsp;\u00ab&nbsp; lisser&nbsp;\u00bb ses corps subtils, invisibles \u00e0 l&#8217;\u0153il nu, que je ressens avec une pr\u00e9cision incroyable sous ma main, comme une sorte de membrane souple, \u00e9lastique. Je sens aussi qu&#8217;il me faut dynamiser ses centres \u00e9nerg\u00e9tiques, ce que je fais comme si je l&#8217;avais toujours su. C&#8217;est tellement fluide, c&#8217;est tellement simple, ais\u00e9&#8230; J&#8217;ai l&#8217;impression d&#8217;avoir toujours agi ainsi&nbsp;!&#8230;<br \/>\nL&#8217;\u00e9nergie est \u00e0 ce point puissante qu&#8217;elle rayonne dans la pi\u00e8ce, et attire \u00e0 elle aussi pr\u00e9cis\u00e9ment qu&#8217;un aimant l&#8217;un de nos chats, qui interrompt sa sieste, trottine jusqu&#8217;\u00e0 la table, saute, puis se d\u00e9place, enivr\u00e9, dans l&#8217;espace situ\u00e9 entre mes mains et le corps de ma fille&nbsp;qui semble inanim\u00e9e, jusqu&#8217;\u00e0 ce que, repu, il s&#8217;\u00e9croule entre ses jambes en ronronnant.<\/p>\n<p>La s\u00e9ance s&#8217;arr\u00eate. Apr\u00e8s dix bonnes minutes pour reprendre ses esprits, ma fille me fait part de ses commentaires.&nbsp; Je sais qu&#8217;une nouvelle phase de ma vie vient de commencer. Je sais que je vais m&#8217;engager dans cette voie. C&#8217;est in\u00e9vitable, et impensable de m\u00eame imaginer qu&#8217;il en soit autrement. Je vais devoir me d\u00e9voiler. Faire un choix clair&nbsp;: je sais que je suis arriv\u00e9e \u00e0 un tournant. J&#8217;en ai fini avec les soins \u00e0 distance.&nbsp;[\u2026]\n<p>&nbsp;<\/p>\n<\/div>\n<\/div>\n<div id=\"col2\" class=\"grid_8\">\n<div align=\"justify\">\n[\u2026] Un intense sentiment d&#8217;accomplissement m&#8217;envahit.<br \/>\n<em>Je sais le faire. J&#8217;en suis capable.&nbsp;<\/em><br \/>\nL&#8217;impression de retrouver la m\u00e9moire.<br \/>\nQuelque chose d&#8217;infiniment profond. La r\u00e9sonance avec une connaissance \u00e9ternelle, intemporelle&#8230;<br \/>\nOui.<br \/>\nOui, j&#8217;accepte.<br \/>\nJ&#8217;accepte, et cette&nbsp;\u00ab&nbsp;phase&nbsp;deux&nbsp;\u00bb qui d\u00e9marre, je sais qu&#8217;elle va m&#8217;emmener beaucoup plus loin que la premi\u00e8re&#8230; J&#8217;en accepte les risques. J&#8217;accepte le changement.<br \/>\nL&#8217;engagement.<br \/>\nEt j&#8217;en suis honor\u00e9e. Profond\u00e9ment \u00e9mue, m\u00eame.<br \/>\nJe me coule dans ce fleuve de lumi\u00e8re.<\/p>\n<p>Je prends conscience ce jour pr\u00e9cis, gr\u00e2ce \u00e0 ma belle petite blonde qui s&#8217;est laiss\u00e9 aller profond\u00e9ment dans le soin en me donnant toute sa confiance, qui s&#8217;est sentie en toute s\u00e9curit\u00e9, je prends conscience de la responsabilit\u00e9 du th\u00e9rapeute.<br \/>\nJe mesure \u00e9galement \u00e0 quel point ce travail sur les autres est sacr\u00e9, et combien aussi nous leur sommes redevables, m\u00eame si ce que nous recevons en retour ne peut \u00eatre dit, tant c&#8217;est grand. [\u2026]\n<p>&nbsp;<\/p>\n<p class=\"typobleu\">[\u2026] Mes mains se posent sur les corps, et l&#8217;amour descend&#8230;<\/p>\n<p class=\"typobleu\">Des voiles arachn\u00e9ens dansent, tr\u00e8s doucement, \u00e0 travers mon corps. Des voiles couleur d&#8217;aurore s&#8217;\u00e9l\u00e8vent&#8230;<br \/>\nMes mains caressent les textures cristallines des membranes subtiles qui murmurent, chuchotent, se r\u00e9pondent&#8230;<br \/>\nSe d\u00e9ploient.<\/p>\n<p class=\"typobleu\">Mes mains pansent les blessures.<br \/>\nDes voiles d&#8217;amour \u0153uvrent.<br \/>\nJe suis une algue, caress\u00e9e par l&#8217;onde, mon corps flotte, berc\u00e9 par le rythme ineffable de lentes vagues de lumi\u00e8re&#8230;<br \/>\nMes mains tissent, inlassables, nourries de pur miel d&#8217;or.<br \/>\nMes mains apaisent, mes mains soulagent, mon c\u0153ur est plein d&#8217;amour.<\/p>\n<p class=\"typobleu\">Le souffle se lib\u00e8re.<br \/>\nEn un soupir, celui que je soigne s&#8217;est endormi. [\u2026]\n<p>&nbsp;<\/p>\n[\u2026] Un aspect majeur de mon travail consiste en la lib\u00e9ration des \u00e9motions n\u00e9gatives&nbsp;: vider le corps \u00e9motionnel, pour lib\u00e9rer la personne. La premi\u00e8re \u00e9tape se passe tr\u00e8s simplement, gr\u00e2ce au processus d&#8217;aspiration \/\u00e9vacuation que j&#8217;ai d\u00e9crit plus haut. Pendant une grande partie de la s\u00e9ance, je baille &#8211; sans contr\u00f4ler, cela se fait naturellement. C&#8217;est un peu comme si je d\u00e9gonflais un matelas pneumatique, c&#8217;est impressionnant de voir le niveau baisser, et le corps \u00e9nerg\u00e9tique reprendre un volume plus conforme aux crit\u00e8res \u00e9dict\u00e9s par la mode\u2026 Je le redis, c&#8217;est d&#8217;une tr\u00e8s grande efficacit\u00e9, je m&#8217;en \u00e9merveille tous les jours. Une jeune femme m&#8217;a dit ce matin&nbsp;:&nbsp;\u00ab&nbsp;Je sentais physiquement que vous tiriez quelque chose hors de moi. Maintenant, je me sens super bien&nbsp;!&nbsp;\u00bb [\u2026]\n[\u2026] Dans les cas de maladie grave \u00e9galement, il est besoin de nettoyer l&#8217;empreinte psychique douloureuse, en voici un exemple&nbsp;: celui d&#8217;une femme op\u00e9r\u00e9e d&#8217;une tumeur au colon, et de nombreux ganglions localis\u00e9s tout autour. Ma main pos\u00e9e pr\u00e9cis\u00e9ment sur cette zone me mit en contact avec des \u00e9motions violentes de col\u00e8re d&#8217;impuissance, de chagrin, et d&#8217;\u00e9nervement extr\u00eame. Les probl\u00e8mes du colon rel\u00e8vent g\u00e9n\u00e9ralement d&#8217;une difficult\u00e9 \u00e0 l\u00e2cher prise, \u00e0 laisser aller, simplement. Je vis cette dame soupirer fortement, puis laisser couler ses larmes. Une seconde s\u00e9ance r\u00e9v\u00e9la des \u00e9motions \u00ab&nbsp;comprim\u00e9es&nbsp;\u00bb, d\u00e9j\u00e0 moins denses que la fois pr\u00e9c\u00e9dente. A la troisi\u00e8me s\u00e9ance, c&#8217;\u00e9tait le calme plat. Je suis toujours impressionn\u00e9e de constater \u00e0 quel point&nbsp; nos \u00e9motions vivent dans les diff\u00e9rents niveaux de notre \u00eatre&nbsp;: l&#8217;op\u00e9ration avait \u00e9t\u00e9 compl\u00e8te, il n&#8217;y avait donc plus de \u00ab&nbsp;mati\u00e8re malade&nbsp;\u00bb dans son corps, avec laquelle j&#8217;aurais pu entrer en r\u00e9sonance. Elle avait \u00e9t\u00e9 enlev\u00e9e enti\u00e8rement. Pourtant, sa douleur \u00e9motionnelle criait sous ma main.<br \/>\nSi l&#8217;on accepte (enfin&nbsp;!) plus couramment aujourd&#8217;hui que nos \u00e9motions de souffrance puissent d\u00e9clencher, \u00e0 terme, une pathologie physique, il me semble int\u00e9ressant d&#8217;aller plus loin, et d&#8217;accepter qu&#8217;elles vibrent dans celui de nos corps d&#8217;\u00e9nergie nomm\u00e9 \u00e0 juste titre \u00ab&nbsp;corps \u00e9motionnel&nbsp;\u00bb. C&#8217;est parce que les \u00e9motions de souffrance de cette dame n&#8217;avaient pas \u00e9t\u00e9 g\u00e9r\u00e9es, ni apais\u00e9es, qu&#8217;elles \u00e9taient encore log\u00e9es dans la partie de son corps \u00e9nerg\u00e9tique reli\u00e9e pr\u00e9c\u00e9demment \u00e0 la tumeur et aux ganglions. Vider cette zone \u00e9nerg\u00e9tique \u00e0 son tour permettra au corps d&#8217;\u00eatre en paix. Les \u00e9motions, au fil du temps, ne \u00ab&nbsp;descendront&nbsp;\u00bb pas dans le corps physique, comme la salet\u00e9 dans le c\u00e9l\u00e8bre sketch de Coluche sur la lessive \u00ab&nbsp;sp\u00e9cial anti-red\u00e9position&nbsp;\u00bb&#8230;[\u2026]\n<\/div>\n<\/div>\n<\/div>\n<\/div>\n<\/div>\n<\/div>\n<\/div>\n","protected":false},"excerpt":{"rendered":"<p>Quelques extraits du livre&nbsp;&#8230; [\u2026] Superbe \u00e9t\u00e9 \u00e0 Belle-Ile&#8230; Longs moments b\u00e9nis de fusion avec la nature, journ\u00e9es qui s&#8217;\u00e9tirent \u00e0 l&#8217;infini dans une lumi\u00e8re radieuse, lenteur, accord\u00e9e comme un cadeau, qui me permet de faire le point sur ma &hellip; <a href=\"https:\/\/agnesstevenin.com\/index.php\/quelques-extraits-du-livre\/\">Lire la suite\u00ad\u00ad<\/a><\/p>\n","protected":false},"author":1,"featured_media":0,"parent":0,"menu_order":0,"comment_status":"closed","ping_status":"closed","template":"","meta":[],"_links":{"self":[{"href":"https:\/\/agnesstevenin.com\/index.php\/wp-json\/wp\/v2\/pages\/49"}],"collection":[{"href":"https:\/\/agnesstevenin.com\/index.php\/wp-json\/wp\/v2\/pages"}],"about":[{"href":"https:\/\/agnesstevenin.com\/index.php\/wp-json\/wp\/v2\/types\/page"}],"author":[{"embeddable":true,"href":"https:\/\/agnesstevenin.com\/index.php\/wp-json\/wp\/v2\/users\/1"}],"replies":[{"embeddable":true,"href":"https:\/\/agnesstevenin.com\/index.php\/wp-json\/wp\/v2\/comments?post=49"}],"version-history":[{"count":6,"href":"https:\/\/agnesstevenin.com\/index.php\/wp-json\/wp\/v2\/pages\/49\/revisions"}],"predecessor-version":[{"id":424,"href":"https:\/\/agnesstevenin.com\/index.php\/wp-json\/wp\/v2\/pages\/49\/revisions\/424"}],"wp:attachment":[{"href":"https:\/\/agnesstevenin.com\/index.php\/wp-json\/wp\/v2\/media?parent=49"}],"curies":[{"name":"wp","href":"https:\/\/api.w.org\/{rel}","templated":true}]}}