{"id":51,"date":"2018-09-03T22:16:23","date_gmt":"2018-09-03T20:16:23","guid":{"rendered":"http:\/\/agnesstevenin.com\/?page_id=51"},"modified":"2022-01-17T20:41:07","modified_gmt":"2022-01-17T19:41:07","slug":"quelques-extraits-audio-du-livre","status":"publish","type":"page","link":"https:\/\/agnesstevenin.com\/index.php\/quelques-extraits-audio-du-livre\/","title":{"rendered":"Quelques extraits audio du livre De la douleur \u00e0 la douceur"},"content":{"rendered":"<p><img loading=\"lazy\" class=\"alignnone size-full wp-image-43\" src=\"http:\/\/agnesstevenin.com\/wp-content\/uploads\/2018\/09\/livre1-agnes.jpg\" alt=\"\" width=\"213\" height=\"283\" \/><\/p>\n<h3><strong>LA PETITE VOIX<\/strong><\/h3>\n<p>Extrait du livre lu par Herveline Denis<\/p>\n<div class=\"entry-content-asset videofit\"><iframe class=\"wp-embedded-content\" sandbox=\"allow-scripts\" security=\"restricted\" title=\"(Bonus ?) &quot;De la douleur \u00e0 la douceur&quot; par Agn\u00e8s St\u00e9venin \" src=\"https:\/\/embed.acast.com\/c380b2db-d340-55ce-b233-53c254dfdcd7\/61bb228b01dfc8001368e495#?secret=VeCfzeLRjs\" data-secret=\"VeCfzeLRjs\" frameBorder=\"0\" width=\"640\" height=\"110\"><\/iframe><\/div>\n<h3><\/h3>\n<h3>Audio:<\/h3>\n<p>Une s\u00e9lection de 7 textes que mon grand ami Pierre-Alain de Garrigues a la gentillesse de dire.<\/p>\n<p>Sa voix d\u2019homme, pos\u00e9e, racontant mon histoire, se fait l\u2019\u00e9cho du masculin \u00e9quilibrant tout f\u00e9minin.<\/p>\n<!--[if lt IE 9]><script>document.createElement('audio');<\/script><![endif]-->\n\t<div class=\"wp-playlist wp-audio-playlist wp-playlist-light\">\n\t\t\t<div class=\"wp-playlist-current-item\"><\/div>\n\t\t<audio controls=\"controls\" preload=\"none\" width=\"1118\"\n\t\t\t><\/audio>\n\t<div class=\"wp-playlist-next\"><\/div>\n\t<div class=\"wp-playlist-prev\"><\/div>\n\t<noscript>\n\t<ol>\n\t\t<li><a class=\"thumbnail\" href='https:\/\/agnesstevenin.com\/wp-content\/uploads\/2018\/09\/p19.mp3'>p19<\/a><\/li>\t<\/ol>\n\t<\/noscript>\n\t<script type=\"application\/json\" class=\"wp-playlist-script\">{\"type\":\"audio\",\"tracklist\":true,\"tracknumbers\":true,\"images\":true,\"artists\":true,\"tracks\":[{\"src\":\"https:\\\/\\\/agnesstevenin.com\\\/wp-content\\\/uploads\\\/2018\\\/09\\\/p19.mp3\",\"type\":\"audio\\\/mpeg\",\"title\":\"p19\",\"caption\":\"\",\"description\":\"<i>p19<\\\/i>. Date de sortie\\u00a0: 2014.\",\"meta\":{\"year\":\"2014\",\"length_formatted\":\"1:59\"},\"image\":{\"src\":\"https:\\\/\\\/agnesstevenin.com\\\/wp-includes\\\/images\\\/media\\\/audio.png\",\"width\":48,\"height\":64},\"thumb\":{\"src\":\"https:\\\/\\\/agnesstevenin.com\\\/wp-includes\\\/images\\\/media\\\/audio.png\",\"width\":48,\"height\":64}}]}<\/script>\n<\/div>\n\t\n<div class=\"wp-playlist wp-audio-playlist wp-playlist-light\">\n\t\t\t<div class=\"wp-playlist-current-item\"><\/div>\n\t\t<audio controls=\"controls\" preload=\"none\" width=\"1118\"\n\t\t\t><\/audio>\n\t<div class=\"wp-playlist-next\"><\/div>\n\t<div class=\"wp-playlist-prev\"><\/div>\n\t<noscript>\n\t<ol>\n\t\t<li><a class=\"thumbnail\" href='https:\/\/agnesstevenin.com\/wp-content\/uploads\/2018\/09\/p61.mp3'>p61<\/a><\/li>\t<\/ol>\n\t<\/noscript>\n\t<script type=\"application\/json\" class=\"wp-playlist-script\">{\"type\":\"audio\",\"tracklist\":true,\"tracknumbers\":true,\"images\":true,\"artists\":true,\"tracks\":[{\"src\":\"https:\\\/\\\/agnesstevenin.com\\\/wp-content\\\/uploads\\\/2018\\\/09\\\/p61.mp3\",\"type\":\"audio\\\/mpeg\",\"title\":\"p61\",\"caption\":\"\",\"description\":\"<i>p61<\\\/i>. Date de sortie\\u00a0: 2014.\",\"meta\":{\"year\":\"2014\",\"length_formatted\":\"7:03\"},\"image\":{\"src\":\"https:\\\/\\\/agnesstevenin.com\\\/wp-includes\\\/images\\\/media\\\/audio.png\",\"width\":48,\"height\":64},\"thumb\":{\"src\":\"https:\\\/\\\/agnesstevenin.com\\\/wp-includes\\\/images\\\/media\\\/audio.png\",\"width\":48,\"height\":64}}]}<\/script>\n<\/div>\n\t\n<div class=\"wp-playlist wp-audio-playlist wp-playlist-light\">\n\t\t\t<div class=\"wp-playlist-current-item\"><\/div>\n\t\t<audio controls=\"controls\" preload=\"none\" width=\"1118\"\n\t\t\t><\/audio>\n\t<div class=\"wp-playlist-next\"><\/div>\n\t<div class=\"wp-playlist-prev\"><\/div>\n\t<noscript>\n\t<ol>\n\t\t<li><a class=\"thumbnail\" href='https:\/\/agnesstevenin.com\/wp-content\/uploads\/2018\/09\/p67.mp3'>p67<\/a><\/li>\t<\/ol>\n\t<\/noscript>\n\t<script type=\"application\/json\" class=\"wp-playlist-script\">{\"type\":\"audio\",\"tracklist\":true,\"tracknumbers\":true,\"images\":true,\"artists\":true,\"tracks\":[{\"src\":\"https:\\\/\\\/agnesstevenin.com\\\/wp-content\\\/uploads\\\/2018\\\/09\\\/p67.mp3\",\"type\":\"audio\\\/mpeg\",\"title\":\"p67\",\"caption\":\"\",\"description\":\"<i>p67<\\\/i>. Date de sortie\\u00a0: 2014.\",\"meta\":{\"year\":\"2014\",\"length_formatted\":\"6:08\"},\"image\":{\"src\":\"https:\\\/\\\/agnesstevenin.com\\\/wp-includes\\\/images\\\/media\\\/audio.png\",\"width\":48,\"height\":64},\"thumb\":{\"src\":\"https:\\\/\\\/agnesstevenin.com\\\/wp-includes\\\/images\\\/media\\\/audio.png\",\"width\":48,\"height\":64}}]}<\/script>\n<\/div>\n\t\n<div class=\"wp-playlist wp-audio-playlist wp-playlist-light\">\n\t\t\t<div class=\"wp-playlist-current-item\"><\/div>\n\t\t<audio controls=\"controls\" preload=\"none\" width=\"1118\"\n\t\t\t><\/audio>\n\t<div class=\"wp-playlist-next\"><\/div>\n\t<div class=\"wp-playlist-prev\"><\/div>\n\t<noscript>\n\t<ol>\n\t\t<li><a class=\"thumbnail\" href='https:\/\/agnesstevenin.com\/wp-content\/uploads\/2018\/09\/p128.mp3'>p128<\/a><\/li>\t<\/ol>\n\t<\/noscript>\n\t<script type=\"application\/json\" class=\"wp-playlist-script\">{\"type\":\"audio\",\"tracklist\":true,\"tracknumbers\":true,\"images\":true,\"artists\":true,\"tracks\":[{\"src\":\"https:\\\/\\\/agnesstevenin.com\\\/wp-content\\\/uploads\\\/2018\\\/09\\\/p128.mp3\",\"type\":\"audio\\\/mpeg\",\"title\":\"p128\",\"caption\":\"\",\"description\":\"<i>p128<\\\/i>. Date de sortie\\u00a0: 2014.\",\"meta\":{\"year\":\"2014\",\"length_formatted\":\"6:41\"},\"image\":{\"src\":\"https:\\\/\\\/agnesstevenin.com\\\/wp-includes\\\/images\\\/media\\\/audio.png\",\"width\":48,\"height\":64},\"thumb\":{\"src\":\"https:\\\/\\\/agnesstevenin.com\\\/wp-includes\\\/images\\\/media\\\/audio.png\",\"width\":48,\"height\":64}}]}<\/script>\n<\/div>\n\t\n<div class=\"wp-playlist wp-audio-playlist wp-playlist-light\">\n\t\t\t<div class=\"wp-playlist-current-item\"><\/div>\n\t\t<audio controls=\"controls\" preload=\"none\" width=\"1118\"\n\t\t\t><\/audio>\n\t<div class=\"wp-playlist-next\"><\/div>\n\t<div class=\"wp-playlist-prev\"><\/div>\n\t<noscript>\n\t<ol>\n\t\t<li><a class=\"thumbnail\" href='https:\/\/agnesstevenin.com\/wp-content\/uploads\/2018\/09\/p183.mp3'>p183<\/a><\/li>\t<\/ol>\n\t<\/noscript>\n\t<script type=\"application\/json\" class=\"wp-playlist-script\">{\"type\":\"audio\",\"tracklist\":true,\"tracknumbers\":true,\"images\":true,\"artists\":true,\"tracks\":[{\"src\":\"https:\\\/\\\/agnesstevenin.com\\\/wp-content\\\/uploads\\\/2018\\\/09\\\/p183.mp3\",\"type\":\"audio\\\/mpeg\",\"title\":\"p183\",\"caption\":\"\",\"description\":\"<i>p183<\\\/i>. Date de sortie\\u00a0: 2014.\",\"meta\":{\"year\":\"2014\",\"length_formatted\":\"1:19\"},\"image\":{\"src\":\"https:\\\/\\\/agnesstevenin.com\\\/wp-includes\\\/images\\\/media\\\/audio.png\",\"width\":48,\"height\":64},\"thumb\":{\"src\":\"https:\\\/\\\/agnesstevenin.com\\\/wp-includes\\\/images\\\/media\\\/audio.png\",\"width\":48,\"height\":64}}]}<\/script>\n<\/div>\n\t\n<div class=\"wp-playlist wp-audio-playlist wp-playlist-light\">\n\t\t\t<div class=\"wp-playlist-current-item\"><\/div>\n\t\t<audio controls=\"controls\" preload=\"none\" width=\"1118\"\n\t\t\t><\/audio>\n\t<div class=\"wp-playlist-next\"><\/div>\n\t<div class=\"wp-playlist-prev\"><\/div>\n\t<noscript>\n\t<ol>\n\t\t<li><a class=\"thumbnail\" href='https:\/\/agnesstevenin.com\/wp-content\/uploads\/2018\/09\/p197.mp3'>p197<\/a><\/li>\t<\/ol>\n\t<\/noscript>\n\t<script type=\"application\/json\" class=\"wp-playlist-script\">{\"type\":\"audio\",\"tracklist\":true,\"tracknumbers\":true,\"images\":true,\"artists\":true,\"tracks\":[{\"src\":\"https:\\\/\\\/agnesstevenin.com\\\/wp-content\\\/uploads\\\/2018\\\/09\\\/p197.mp3\",\"type\":\"audio\\\/mpeg\",\"title\":\"p197\",\"caption\":\"\",\"description\":\"<i>p197<\\\/i>. Date de sortie\\u00a0: 2014.\",\"meta\":{\"year\":\"2014\",\"length_formatted\":\"3:09\"},\"image\":{\"src\":\"https:\\\/\\\/agnesstevenin.com\\\/wp-includes\\\/images\\\/media\\\/audio.png\",\"width\":48,\"height\":64},\"thumb\":{\"src\":\"https:\\\/\\\/agnesstevenin.com\\\/wp-includes\\\/images\\\/media\\\/audio.png\",\"width\":48,\"height\":64}}]}<\/script>\n<\/div>\n\t\n<div class=\"wp-playlist wp-audio-playlist wp-playlist-light\">\n\t\t\t<div class=\"wp-playlist-current-item\"><\/div>\n\t\t<audio controls=\"controls\" preload=\"none\" width=\"1118\"\n\t\t\t><\/audio>\n\t<div class=\"wp-playlist-next\"><\/div>\n\t<div class=\"wp-playlist-prev\"><\/div>\n\t<noscript>\n\t<ol>\n\t\t<li><a class=\"thumbnail\" href='https:\/\/agnesstevenin.com\/wp-content\/uploads\/2018\/09\/p208.mp3'>p208<\/a><\/li>\t<\/ol>\n\t<\/noscript>\n\t<script type=\"application\/json\" class=\"wp-playlist-script\">{\"type\":\"audio\",\"tracklist\":true,\"tracknumbers\":true,\"images\":true,\"artists\":true,\"tracks\":[{\"src\":\"https:\\\/\\\/agnesstevenin.com\\\/wp-content\\\/uploads\\\/2018\\\/09\\\/p208.mp3\",\"type\":\"audio\\\/mpeg\",\"title\":\"p208\",\"caption\":\"\",\"description\":\"<i>p208<\\\/i>. Date de sortie\\u00a0: 2014.\",\"meta\":{\"year\":\"2014\",\"length_formatted\":\"2:40\"},\"image\":{\"src\":\"https:\\\/\\\/agnesstevenin.com\\\/wp-includes\\\/images\\\/media\\\/audio.png\",\"width\":48,\"height\":64},\"thumb\":{\"src\":\"https:\\\/\\\/agnesstevenin.com\\\/wp-includes\\\/images\\\/media\\\/audio.png\",\"width\":48,\"height\":64}}]}<\/script>\n<\/div>\n\t\n","protected":false},"excerpt":{"rendered":"<p>LA PETITE VOIX Extrait du livre lu par Herveline Denis Audio: Une s\u00e9lection de 7 textes que mon grand ami Pierre-Alain de Garrigues a la gentillesse de dire. Sa voix d\u2019homme, pos\u00e9e, racontant mon histoire, se fait l\u2019\u00e9cho du masculin &hellip; <a href=\"https:\/\/agnesstevenin.com\/index.php\/quelques-extraits-audio-du-livre\/\">Lire la suite\u00ad\u00ad<\/a><\/p>\n","protected":false},"author":1,"featured_media":0,"parent":0,"menu_order":0,"comment_status":"closed","ping_status":"closed","template":"","meta":[],"_links":{"self":[{"href":"https:\/\/agnesstevenin.com\/index.php\/wp-json\/wp\/v2\/pages\/51"}],"collection":[{"href":"https:\/\/agnesstevenin.com\/index.php\/wp-json\/wp\/v2\/pages"}],"about":[{"href":"https:\/\/agnesstevenin.com\/index.php\/wp-json\/wp\/v2\/types\/page"}],"author":[{"embeddable":true,"href":"https:\/\/agnesstevenin.com\/index.php\/wp-json\/wp\/v2\/users\/1"}],"replies":[{"embeddable":true,"href":"https:\/\/agnesstevenin.com\/index.php\/wp-json\/wp\/v2\/comments?post=51"}],"version-history":[{"count":7,"href":"https:\/\/agnesstevenin.com\/index.php\/wp-json\/wp\/v2\/pages\/51\/revisions"}],"predecessor-version":[{"id":384,"href":"https:\/\/agnesstevenin.com\/index.php\/wp-json\/wp\/v2\/pages\/51\/revisions\/384"}],"wp:attachment":[{"href":"https:\/\/agnesstevenin.com\/index.php\/wp-json\/wp\/v2\/media?parent=51"}],"curies":[{"name":"wp","href":"https:\/\/api.w.org\/{rel}","templated":true}]}}