{"id":94,"date":"2018-09-03T22:42:39","date_gmt":"2018-09-03T20:42:39","guid":{"rendered":"http:\/\/agnesstevenin.com\/?page_id=94"},"modified":"2023-05-09T14:43:34","modified_gmt":"2023-05-09T12:43:34","slug":"conferences","status":"publish","type":"page","link":"https:\/\/agnesstevenin.com\/index.php\/conferences\/","title":{"rendered":"Interviews &#8211; Conf\u00e9rences &#8211; Podcasts :"},"content":{"rendered":"\n<h2>La T\u00e9l\u00e9 de Lilou Mac\u00e9 :<\/h2>\n\n\n\n<figure class=\"wp-block-embed is-type-video is-provider-youtube wp-block-embed-youtube wp-embed-aspect-16-9 wp-has-aspect-ratio\"><div class=\"wp-block-embed__wrapper\">\n<iframe title=\"Qu&#039;est qu&#039;une \u00e2me bless\u00e9e ? - Agn\u00e8s Stevenin\" width=\"1140\" height=\"641\" src=\"https:\/\/www.youtube.com\/embed\/H1r9XtHeUck?feature=oembed\" frameborder=\"0\" allow=\"accelerometer; autoplay; clipboard-write; encrypted-media; gyroscope; picture-in-picture; web-share\" allowfullscreen><\/iframe>\n<\/div><\/figure>\n\n\n<h2>Conf\u00e9rence INREES:<\/h2>\n<p><iframe title=\"Soigner par le coeur et l&#039;\u00e9nergie - BEYOND S3E3 - Teaser INREES TV\" width=\"1140\" height=\"641\" src=\"https:\/\/www.youtube.com\/embed\/-13Vt8YOexY?feature=oembed\" frameborder=\"0\" allow=\"accelerometer; autoplay; clipboard-write; encrypted-media; gyroscope; picture-in-picture; web-share\" allowfullscreen><\/iframe><\/p>\n<p><iframe title=\"La validation par le corps et le coeur (Ev\u00e8nement INREES)\" width=\"1140\" height=\"641\" src=\"https:\/\/www.youtube.com\/embed\/Ty2CQcHFdnQ?feature=oembed\" frameborder=\"0\" allow=\"accelerometer; autoplay; clipboard-write; encrypted-media; gyroscope; picture-in-picture; web-share\" allowfullscreen><\/iframe><\/p>\n<p><strong><a href=\"https:\/\/tv.inrees.com\/video\/Douceur-guerir-invisible-Agnes-Stevenin\" target=\"_blank\" rel=\"noopener\">https:\/\/tv.inrees.com\/video\/Douceur-guerir-invisible-Agnes-Stevenin<\/a><\/strong><\/p>\n<p><strong><a href=\"https:\/\/tv.inrees.com\/video\/soigner-coeur-energie-agnes-stevenin\" target=\"_blank\" rel=\"noopener\">https:\/\/tv.inrees.com\/video\/soigner-coeur-energie-agnes-stevenin<\/a><\/strong><\/p>\n<p><\/p>\n\n\n<\/p>\n<h2><strong>C8 &#8211; Le mag qui fait du bien <\/strong>:<\/h2>\n<p>\n\n\n\n<\/p>\n<p>Pr\u00e9sent\u00e9 par Karine Ars\u00e8ne<\/p>\n<p><iframe title=\"Le mag qui fait du bien (Soins \u00e9nerg\u00e9tiques: comment \u00e7a marche?) - Dimanche 21 Novembre 2021\" width=\"1140\" height=\"641\" src=\"https:\/\/www.youtube.com\/embed\/K6c55bIrQeg?start=461&#038;feature=oembed\" frameborder=\"0\" allow=\"accelerometer; autoplay; clipboard-write; encrypted-media; gyroscope; picture-in-picture; web-share\" allowfullscreen><\/iframe><\/p>\n<figure class=\"wp-block-embed is-type-video is-provider-youtube wp-block-embed-youtube wp-embed-aspect-16-9 wp-has-aspect-ratio\">\n<div>\u00a0<\/div>\n<\/figure>\n<p>\n\n\n<p>\u00a0<\/p>\n<h3>Thomas Siceaux:<\/h3>\n<p><iframe title=\"Hors-Piste 50 Agn\u00e8s Stevenin\" width=\"1140\" height=\"641\" src=\"https:\/\/www.youtube.com\/embed\/44h28XBsYag?start=1050&#038;feature=oembed\" frameborder=\"0\" allow=\"accelerometer; autoplay; clipboard-write; encrypted-media; gyroscope; picture-in-picture; web-share\" allowfullscreen><\/iframe><\/p>\n<p>\u00a0<\/p>\n<p>Bienvenue sur cette cha\u00eene pour faire du\u00a0<em><strong>hors<\/strong><\/em>&#8211;<em><strong>piste<\/strong><\/em>\u00a0et \u00e9couter votre audace. &#8230;\u00a0<em><strong>Hors<\/strong><\/em>&#8211;<em><strong>Piste<\/strong><\/em>\u00a050\u00a0<em><strong>Agn\u00e8s Stevenin<\/strong><\/em>\u00a0&#8230; Interview\u00a0<em><strong>Thomas Siceaux<\/strong><\/em>\u00a0IDFM Enghien.<\/p>\n<h3>Bande annonce du film documentaire\u00a0 L&#8217;AME de Val\u00e9rie Seguin:<\/h3>\n<p><iframe title=\"L&#039;\u00c2ME - Bande annonce\" width=\"1140\" height=\"641\" src=\"https:\/\/www.youtube.com\/embed\/OgDNH7Tk5Fw?feature=oembed\" frameborder=\"0\" allow=\"accelerometer; autoplay; clipboard-write; encrypted-media; gyroscope; picture-in-picture; web-share\" allowfullscreen><\/iframe><\/p>\n<h3>Interview La Psychologie pour tous:<\/h3>\n<p><iframe title=\"Interview d&#039;Agn\u00e8s Stevenin par La psychologie pour tous\" width=\"1140\" height=\"641\" src=\"https:\/\/www.youtube.com\/embed\/LKjcgkxvHpE?feature=oembed\" frameborder=\"0\" allow=\"accelerometer; autoplay; clipboard-write; encrypted-media; gyroscope; picture-in-picture; web-share\" allowfullscreen><\/iframe><\/p>\n<div id=\"pageheader\" class=\"titleclass\">\n<div class=\"container\">\n<div class=\"page-header\">\n<h1 class=\"entry-title\">Podcasts :\u00a0<\/h1>\n<h3>Podcast Anne Ghesqui\u00e8res &#8211; M\u00e9tamorphose :<\/h3>\n<p><iframe title=\"#268 Agne\u0300s Stevenin : Dans le silence de l\u2019amour\" width=\"1140\" height=\"641\" src=\"https:\/\/www.youtube.com\/embed\/3814cwqxCt0?feature=oembed\" frameborder=\"0\" allow=\"accelerometer; autoplay; clipboard-write; encrypted-media; gyroscope; picture-in-picture; web-share\" allowfullscreen><\/iframe><\/p>\n<\/div>\n<\/div>\n<\/div>\n<div id=\"content\" class=\"container container-contained\">\n<div class=\"row\">\n<div class=\"main col-lg-9 col-md-8\" role=\"main\">\n<div class=\"entry-content\">\n<h3>Inexplor\u00e9 \u2013 INREES :<\/h3>\n<p>\u00ab\u00a0Dans l\u2019\u0153il du cyclone\u00a0: rester debout au c\u0153ur du chaos\u201d, anim\u00e9 par Carine Anselme\u00a0<\/p>\n<p><a href=\"https:\/\/inexplore.inrees.com\/podcasts\/agnes-stevenin-energie-therapie-ame-blessees-guerison-accompagnement?fbclid=IwAR0nazpghbQojE5N5D19LRpSU\" target=\"_blank\" rel=\"noreferrer noopener\">https:\/\/inexplore.inrees.com\/podcasts\/agnes-stevenin-energie-therapie-ame-blessees-guerison-accompagnement?fbclid=IwAR0nazpghbQojE5N5D19LRpSU<\/a><\/p>\n<p>\u00a0<\/p>\n<\/div>\n<\/div>\n<\/div>\n<\/div>","protected":false},"excerpt":{"rendered":"<p>La T\u00e9l\u00e9 de Lilou Mac\u00e9 : Conf\u00e9rence INREES: https:\/\/tv.inrees.com\/video\/Douceur-guerir-invisible-Agnes-Stevenin https:\/\/tv.inrees.com\/video\/soigner-coeur-energie-agnes-stevenin C8 &#8211; Le mag qui fait du bien : Pr\u00e9sent\u00e9 par Karine Ars\u00e8ne \u00a0 \u00a0 Thomas Siceaux: \u00a0 Bienvenue sur cette cha\u00eene pour faire du\u00a0hors&#8211;piste\u00a0et \u00e9couter votre audace. &#8230;\u00a0Hors&#8211;Piste\u00a050\u00a0Agn\u00e8s Stevenin\u00a0&#8230; &hellip; <a href=\"https:\/\/agnesstevenin.com\/index.php\/conferences\/\">Lire la suite\u00ad\u00ad<\/a><\/p>\n","protected":false},"author":1,"featured_media":0,"parent":0,"menu_order":0,"comment_status":"closed","ping_status":"closed","template":"","meta":[],"_links":{"self":[{"href":"https:\/\/agnesstevenin.com\/index.php\/wp-json\/wp\/v2\/pages\/94"}],"collection":[{"href":"https:\/\/agnesstevenin.com\/index.php\/wp-json\/wp\/v2\/pages"}],"about":[{"href":"https:\/\/agnesstevenin.com\/index.php\/wp-json\/wp\/v2\/types\/page"}],"author":[{"embeddable":true,"href":"https:\/\/agnesstevenin.com\/index.php\/wp-json\/wp\/v2\/users\/1"}],"replies":[{"embeddable":true,"href":"https:\/\/agnesstevenin.com\/index.php\/wp-json\/wp\/v2\/comments?post=94"}],"version-history":[{"count":22,"href":"https:\/\/agnesstevenin.com\/index.php\/wp-json\/wp\/v2\/pages\/94\/revisions"}],"predecessor-version":[{"id":428,"href":"https:\/\/agnesstevenin.com\/index.php\/wp-json\/wp\/v2\/pages\/94\/revisions\/428"}],"wp:attachment":[{"href":"https:\/\/agnesstevenin.com\/index.php\/wp-json\/wp\/v2\/media?parent=94"}],"curies":[{"name":"wp","href":"https:\/\/api.w.org\/{rel}","templated":true}]}}